{"id":161,"date":"2019-10-25T09:53:44","date_gmt":"2019-10-25T09:53:44","guid":{"rendered":"http:\/\/malta-firmengruendung.de\/?page_id=161"},"modified":"2019-10-25T09:53:44","modified_gmt":"2019-10-25T09:53:44","slug":"gruendungskosten","status":"publish","type":"page","link":"http:\/\/malta-firmengruendung.de\/en\/gruendungskosten","title":{"rendered":"Costs of a foundation"},"content":{"rendered":"<p><strong>The costs of setting up a limited company<\/strong><br \/>\nSetting up a limited company in Malta is not expensive. Annual fees for the Maltese operating company and the additional administration of the holding company outside Malta can be estimated at EUR 7,100 in simple cases. They also depend on the annual accounting rates.<\/p>\n<p>&nbsp;<\/p>\n<p><strong>Incorporate a limited company in Malta with a managing director: What are the costs involved?<\/strong><\/p>\n<p>Anyone who does not wish to relocate to Malta but wants to set up a limited company there will need a managing director. This person receives a local salary, which must stand up to a third-party comparison in order for the company to be recognized. These salaries are slightly below the German level. It is still worth setting up a company in Malta, as Maltese companies are subject to the freedom of establishment and the EU Parent-Subsidiary Directive. This effectively saves a lot of tax. Malta attracts companies with its good framework conditions, which also include low taxes. But there are even more advantages:<\/p>\n<ul>\n<li>Fast Internet<\/li>\n<li>low labor costs<\/li>\n<li>Highly qualified workers<\/li>\n<li>Low real estate prices and rents<\/li>\n<li>Low other levies (in addition to taxes)<\/li>\n<li>Setting up a company in the EU<\/li>\n<li>Good weather<\/li>\n<li>Euro is the national currency<\/li>\n<li>Stable financial sector<\/li>\n<li>over 70 double taxation agreements<\/li>\n<li>Codified legal system<\/li>\n<li>Stable political and legal conditions<\/li>\n<li>Business-friendly company law<\/li>\n<li>Effective corporate tax rate = 5 %<\/li>\n<li>18 % VAT (value added tax)<\/li>\n<li>No withholding tax<\/li>\n<\/ul>\n<p><strong>Who can settle in Malta?<\/strong><\/p>\n<p>In principle, any entrepreneur can set up a company in Malta. The greatest advantages are generated by German entrepreneurs who actually relocate to Malta.<\/p>\n<p>We will be happy to advise you!<\/p>","protected":false},"excerpt":{"rendered":"<p>Die Kosten der Gr\u00fcndung einer Limited Eine Limited in Malta gr\u00fcnden ist nicht teuer. Jahresgeb\u00fchren f\u00fcr die maltesische Operating Company und die zus\u00e4tzliche Verwaltung der Holding Company au\u00dferhalb von Malta lassen sich in einfachen F\u00e4llen auf 7.100 Euro sch\u00e4tzen. Sie h\u00e4ngen auch von den j\u00e4hrlichen Buchungss\u00e4tzen ab. &nbsp; Limited in Malta mit Gesch\u00e4ftsf\u00fchrer gr\u00fcnden: Welche <a href=\"http:\/\/malta-firmengruendung.de\/en\/gruendungskosten\" rel=\"nofollow\"><span class=\"sr-only\">Read more about Kosten einer Gr\u00fcndung<\/span>[&hellip;]<\/a><\/p>\n","protected":false},"author":1,"featured_media":0,"parent":0,"menu_order":0,"comment_status":"closed","ping_status":"closed","template":"","meta":{"footnotes":""},"class_list":["post-161","page","type-page","status-publish","hentry"],"_links":{"self":[{"href":"http:\/\/malta-firmengruendung.de\/en\/wp-json\/wp\/v2\/pages\/161","targetHints":{"allow":["GET"]}}],"collection":[{"href":"http:\/\/malta-firmengruendung.de\/en\/wp-json\/wp\/v2\/pages"}],"about":[{"href":"http:\/\/malta-firmengruendung.de\/en\/wp-json\/wp\/v2\/types\/page"}],"author":[{"embeddable":true,"href":"http:\/\/malta-firmengruendung.de\/en\/wp-json\/wp\/v2\/users\/1"}],"replies":[{"embeddable":true,"href":"http:\/\/malta-firmengruendung.de\/en\/wp-json\/wp\/v2\/comments?post=161"}],"version-history":[{"count":1,"href":"http:\/\/malta-firmengruendung.de\/en\/wp-json\/wp\/v2\/pages\/161\/revisions"}],"predecessor-version":[{"id":162,"href":"http:\/\/malta-firmengruendung.de\/en\/wp-json\/wp\/v2\/pages\/161\/revisions\/162"}],"wp:attachment":[{"href":"http:\/\/malta-firmengruendung.de\/en\/wp-json\/wp\/v2\/media?parent=161"}],"curies":[{"name":"wp","href":"https:\/\/api.w.org\/{rel}","templated":true}]}}