{"id":167,"date":"2019-10-25T10:04:23","date_gmt":"2019-10-25T10:04:23","guid":{"rendered":"http:\/\/malta-firmengruendung.de\/?page_id=167"},"modified":"2019-10-29T10:44:35","modified_gmt":"2019-10-29T10:44:35","slug":"offshore-konto","status":"publish","type":"page","link":"http:\/\/malta-firmengruendung.de\/en\/offshore-konto","title":{"rendered":"Offshore account"},"content":{"rendered":"<h3>Open an offshore account<\/h3>\n<p><strong>If you have an account abroad, you should know that most European countries have now switched to the automatic exchange of information. However, an offshore account is still legal. It is suitable for risk diversification and asset protection.<br \/>\n<strong>As of October 2019, countries without automatic exchange of information include<\/strong><\/strong><\/p>\n<ul>\n<li>Georgia<\/li>\n<li>USA<\/li>\n<li>Taiwan<\/li>\n<li>Serbia<\/li>\n<li>Montenegro<\/li>\n<li>Puerto Rico<\/li>\n<\/ul>\n<p><strong>How does the exchange of information between Malta and other EU countries work?<\/strong><\/p>\n<p>Maltese banks exchange data throughout the EU. A bank account only makes sense in Malta if a company is founded there, which is associated with considerable tax advantages. The effective corporation tax is only 5 %. However, this requires either a Maltese managing director or residence in the island state.<\/p>\n<p><strong>How to recognize a good offshore bank account?<\/strong><\/p>\n<p>A bank account without information exchange (AEOI\/CRS) must be located in a state without information exchange with EU states. There are more countries than those we have mentioned. These are only the most common addresses for EU citizens. The relevant bank account without exchange of information also has certain essential characteristics:<\/p>\n<ul>\n<li>It is only known to the account holder and the bank concerned, but not to any tax office or any other authority, and preferably not to any partner company or any other natural or legal person.<\/li>\n<li>Opening an account is straightforward.<\/li>\n<li>You can participate in SEPA payment transactions with an IBAN from the relevant bank account.<\/li>\n<li>Online banking is also possible (naturally also with mobile devices).<\/li>\n<li>The holder receives a Debit Mastercard.<\/li>\n<li>The bank carries all major currencies.<\/li>\n<\/ul>\n<p>We will be happy to help you set up such a bank account. This will protect your business and your private assets.<\/p>","protected":false},"excerpt":{"rendered":"<p>Offshore Konto er\u00f6ffnen Wer im Ausland ein Konto f\u00fchrt, muss wissen, dass die meisten europ\u00e4ischen Staaten inzwischen zum automatischen Informationsaustausch \u00fcbergegangen sind. Doch ein Offshore Konto ist nach wie vor legal. Es eignet sich f\u00fcr die Risikodiversifikation und f\u00fcr den Verm\u00f6gensschutz. L\u00e4nder ohne automatischen Informationsaustausch sind mit Stand Oktober 2019 unter anderem: Georgien USA Taiwan <a href=\"http:\/\/malta-firmengruendung.de\/en\/offshore-konto\" rel=\"nofollow\"><span class=\"sr-only\">Read more about Offshore Konto<\/span>[&hellip;]<\/a><\/p>\n","protected":false},"author":1,"featured_media":0,"parent":0,"menu_order":0,"comment_status":"closed","ping_status":"closed","template":"","meta":{"footnotes":""},"class_list":["post-167","page","type-page","status-publish","hentry"],"_links":{"self":[{"href":"http:\/\/malta-firmengruendung.de\/en\/wp-json\/wp\/v2\/pages\/167","targetHints":{"allow":["GET"]}}],"collection":[{"href":"http:\/\/malta-firmengruendung.de\/en\/wp-json\/wp\/v2\/pages"}],"about":[{"href":"http:\/\/malta-firmengruendung.de\/en\/wp-json\/wp\/v2\/types\/page"}],"author":[{"embeddable":true,"href":"http:\/\/malta-firmengruendung.de\/en\/wp-json\/wp\/v2\/users\/1"}],"replies":[{"embeddable":true,"href":"http:\/\/malta-firmengruendung.de\/en\/wp-json\/wp\/v2\/comments?post=167"}],"version-history":[{"count":5,"href":"http:\/\/malta-firmengruendung.de\/en\/wp-json\/wp\/v2\/pages\/167\/revisions"}],"predecessor-version":[{"id":172,"href":"http:\/\/malta-firmengruendung.de\/en\/wp-json\/wp\/v2\/pages\/167\/revisions\/172"}],"wp:attachment":[{"href":"http:\/\/malta-firmengruendung.de\/en\/wp-json\/wp\/v2\/media?parent=167"}],"curies":[{"name":"wp","href":"https:\/\/api.w.org\/{rel}","templated":true}]}}