{"id":109,"date":"2019-09-13T07:09:24","date_gmt":"2019-09-13T07:09:24","guid":{"rendered":"http:\/\/malta-firmengruendung.de\/?page_id=109"},"modified":"2019-09-13T07:11:44","modified_gmt":"2019-09-13T07:11:44","slug":"steuervorteile-malta","status":"publish","type":"page","link":"http:\/\/malta-firmengruendung.de\/fr\/steuervorteile-malta","title":{"rendered":"Avantages fiscaux \u00e0 Malte &amp; Conseillers fiscaux pour Malte"},"content":{"rendered":"<p><strong>Avantages fiscaux \u00e0 Malte &amp; Conseillers fiscaux pour Malte<\/strong><\/p>\n<p>Je suis un entrepreneur allemand sur Internet (marketing d'affiliation) et j'ai enregistr\u00e9 ma soci\u00e9t\u00e9 \u00e0 Malte en 2016. C'est mon conseiller fiscal qui me l'a recommand\u00e9. Depuis, j'\u00e9conomise beaucoup d'imp\u00f4ts et je profite ici, sur place, du magnifique temps maltais et des gens sympathiques. De temps en temps, je m'assois sur la plage avec mon ordinateur portable et je regarde comment se portent mes affaires.<\/p>\n<p><strong>Contexte : \u00e9conomiser des imp\u00f4ts \u00e0 Malte<\/strong><\/p>\n<p>Mon conseiller fiscal a attir\u00e9 mon attention sur les conditions fiscales avantageuses de Malte. Celles-ci profitent aux entrepreneurs \u00e0 deux conditions :<\/p>\n<ul>\n<li>Il est n\u00e9cessaire de cr\u00e9er une soci\u00e9t\u00e9 maltaise \u00e0 responsabilit\u00e9 limit\u00e9e en tant que soci\u00e9t\u00e9.<\/li>\n<li>Le site d'exploitation doit \u00eatre transf\u00e9r\u00e9 ici.<\/li>\n<\/ul>\n<p>C'est ce que j'ai fait, car en tant qu'entrepreneur Internet, je peux travailler partout. Je n'ai pas d'attaches familiales en Allemagne. Mes parents vivent eux-m\u00eames dans le sud, je n'ai pas d'enfants ni de fr\u00e8res et s\u0153urs, je me suis s\u00e9par\u00e9 de ma derni\u00e8re petite amie allemande. Elle n'a malheureusement pas support\u00e9 ma richesse en tant qu'affili\u00e9, qui avait d\u00e9j\u00e0 \u00e9norm\u00e9ment augment\u00e9 avec les taux d'imposition \u00e9lev\u00e9s en Allemagne. Mais revenons \u00e0 la fiscalit\u00e9 maltaise. Si vous remplissez les conditions susmentionn\u00e9es en tant qu'entrepreneur, les autorit\u00e9s maltaises vous remboursent le fabuleux 6\/7 de l'imp\u00f4t sur les soci\u00e9t\u00e9s. Pour cela, il vous suffit d'avoir une soci\u00e9t\u00e9 holding en tant que propri\u00e9taire de la limited ou des associ\u00e9s \u00e9trangers. J'ai les deux.<\/p>\n<p><strong>Avez-vous besoin d'un conseiller fiscal pour votre soci\u00e9t\u00e9 maltaise ?<\/strong><\/p>\n<p>Absolument ! Vous pouvez certes \u00e9conomiser beaucoup d'imp\u00f4ts, mais vous devez pour cela respecter scrupuleusement les r\u00e8gles applicables. Demandez un conseil fiscal et profitez des nombreux avantages que vous offre la l\u00e9gislation maltaise. Mais n'ayez pas l'id\u00e9e d'exploiter ici une simple soci\u00e9t\u00e9 bo\u00eete aux lettres. Cela sera d\u00e9couvert et vous vous retrouverez sans rien. C'est ce qui est arriv\u00e9 \u00e0 un de mes amis. Mais j'ai pris les devants gr\u00e2ce \u00e0 des conseils fiscaux avis\u00e9s et je profite maintenant \u00e0 c\u0153ur joie de ma nouvelle vie avec un chiffre d'affaires \u00e9lev\u00e9, peu d'imp\u00f4ts, un temps magnifique, des plages de sable blanc et des femmes belles et accessibles !<\/p>","protected":false},"excerpt":{"rendered":"<p>Steuervorteile in Malta &amp; Steuerberater f\u00fcr Malta Ich bin deutscher Internetunternehmer (Affiliate Marketing) und habe meine Firma im Jahr 2016 in Malta angemeldet. Das hat mir mein Steuerberater empfohlen. Seither spare ich viele Steuern und genie\u00dfe hier vor Ort das herrliche maltesische Wetter und die freundlichen Menschen. Ab und zu sitze ich mit dem Laptop <a href=\"http:\/\/malta-firmengruendung.de\/fr\/steuervorteile-malta\" rel=\"nofollow\"><span class=\"sr-only\">Read more about Steuervorteile in Malta &#038; Steuerberater f\u00fcr Malta<\/span>[&hellip;]<\/a><\/p>\n","protected":false},"author":1,"featured_media":60,"parent":0,"menu_order":0,"comment_status":"closed","ping_status":"closed","template":"","meta":{"footnotes":""},"class_list":["post-109","page","type-page","status-publish","has-post-thumbnail","hentry"],"_links":{"self":[{"href":"http:\/\/malta-firmengruendung.de\/fr\/wp-json\/wp\/v2\/pages\/109","targetHints":{"allow":["GET"]}}],"collection":[{"href":"http:\/\/malta-firmengruendung.de\/fr\/wp-json\/wp\/v2\/pages"}],"about":[{"href":"http:\/\/malta-firmengruendung.de\/fr\/wp-json\/wp\/v2\/types\/page"}],"author":[{"embeddable":true,"href":"http:\/\/malta-firmengruendung.de\/fr\/wp-json\/wp\/v2\/users\/1"}],"replies":[{"embeddable":true,"href":"http:\/\/malta-firmengruendung.de\/fr\/wp-json\/wp\/v2\/comments?post=109"}],"version-history":[{"count":2,"href":"http:\/\/malta-firmengruendung.de\/fr\/wp-json\/wp\/v2\/pages\/109\/revisions"}],"predecessor-version":[{"id":112,"href":"http:\/\/malta-firmengruendung.de\/fr\/wp-json\/wp\/v2\/pages\/109\/revisions\/112"}],"wp:featuredmedia":[{"embeddable":true,"href":"http:\/\/malta-firmengruendung.de\/fr\/wp-json\/wp\/v2\/media\/60"}],"wp:attachment":[{"href":"http:\/\/malta-firmengruendung.de\/fr\/wp-json\/wp\/v2\/media?parent=109"}],"curies":[{"name":"wp","href":"https:\/\/api.w.org\/{rel}","templated":true}]}}