{"id":161,"date":"2019-10-25T09:53:44","date_gmt":"2019-10-25T09:53:44","guid":{"rendered":"http:\/\/malta-firmengruendung.de\/?page_id=161"},"modified":"2019-10-25T09:53:44","modified_gmt":"2019-10-25T09:53:44","slug":"gruendungskosten","status":"publish","type":"page","link":"http:\/\/malta-firmengruendung.de\/fr\/gruendungskosten","title":{"rendered":"Co\u00fbts d'une cr\u00e9ation"},"content":{"rendered":"<p><strong>Les co\u00fbts de cr\u00e9ation d'une Limited<\/strong><br \/>\nCr\u00e9er une soci\u00e9t\u00e9 \u00e0 responsabilit\u00e9 limit\u00e9e \u00e0 Malte ne co\u00fbte pas cher. Les frais annuels pour la soci\u00e9t\u00e9 d'exploitation maltaise et la gestion suppl\u00e9mentaire de la soci\u00e9t\u00e9 holding en dehors de Malte peuvent \u00eatre estim\u00e9s \u00e0 7.100 euros dans les cas simples. Ils d\u00e9pendent \u00e9galement des jeux d'\u00e9critures annuels.<\/p>\n<p>&nbsp;<\/p>\n<p><strong>Cr\u00e9er une soci\u00e9t\u00e9 \u00e0 responsabilit\u00e9 limit\u00e9e \u00e0 Malte avec un directeur : Quels sont les co\u00fbts ?<\/strong><\/p>\n<p>Les personnes qui ne souhaitent pas transf\u00e9rer leur domicile \u00e0 Malte, mais qui veulent y cr\u00e9er une soci\u00e9t\u00e9 \u00e0 responsabilit\u00e9 limit\u00e9e, ont besoin d'un directeur. Celui-ci re\u00e7oit un salaire conforme aux usages locaux, qui doit r\u00e9sister \u00e0 la comparaison avec un tiers pour que la soci\u00e9t\u00e9 soit reconnue. Ces salaires sont l\u00e9g\u00e8rement inf\u00e9rieurs au niveau allemand. Cette cr\u00e9ation est toujours avantageuse, car les soci\u00e9t\u00e9s maltaises sont soumises \u00e0 la libert\u00e9 d'\u00e9tablissement et \u00e0 la directive europ\u00e9enne sur les soci\u00e9t\u00e9s m\u00e8res et filiales. Cela permet de r\u00e9aliser de nombreuses \u00e9conomies d'imp\u00f4ts. Malte attire les entreprises gr\u00e2ce \u00e0 ses bonnes conditions-cadres, dont font partie les faibles imp\u00f4ts. Mais il y a encore d'autres avantages :<\/p>\n<ul>\n<li>Internet rapide<\/li>\n<li>faibles co\u00fbts salariaux<\/li>\n<li>une main-d'\u0153uvre hautement qualifi\u00e9e<\/li>\n<li>prix de l'immobilier et loyers faibles<\/li>\n<li>autres taxes peu \u00e9lev\u00e9es (en plus des imp\u00f4ts)<\/li>\n<li>Cr\u00e9er une entreprise dans l'UE<\/li>\n<li>bon temps<\/li>\n<li>L'euro est la monnaie nationale<\/li>\n<li>un secteur financier stable<\/li>\n<li>plus de 70 conventions de double imposition<\/li>\n<li>syst\u00e8me juridique codifi\u00e9<\/li>\n<li>une situation politique et juridique stable<\/li>\n<li>un droit des soci\u00e9t\u00e9s favorable aux entreprises<\/li>\n<li>Taux d'imposition effectif des entreprises = 5 %<\/li>\n<li>18 % VAT (taxe sur la valeur ajout\u00e9e)<\/li>\n<li>pas d'imp\u00f4t \u00e0 la source<\/li>\n<\/ul>\n<p><strong>Qui peut s'installer \u00e0 Malte ?<\/strong><\/p>\n<p>En principe, tout entrepreneur est libre de cr\u00e9er une soci\u00e9t\u00e9 \u00e0 Malte. Les avantages les plus importants sont g\u00e9n\u00e9r\u00e9s par les entrepreneurs allemands qui transf\u00e8rent effectivement leur r\u00e9sidence \u00e0 Malte.<\/p>\n<p>Nous vous conseillons volontiers !<\/p>","protected":false},"excerpt":{"rendered":"<p>Die Kosten der Gr\u00fcndung einer Limited Eine Limited in Malta gr\u00fcnden ist nicht teuer. Jahresgeb\u00fchren f\u00fcr die maltesische Operating Company und die zus\u00e4tzliche Verwaltung der Holding Company au\u00dferhalb von Malta lassen sich in einfachen F\u00e4llen auf 7.100 Euro sch\u00e4tzen. Sie h\u00e4ngen auch von den j\u00e4hrlichen Buchungss\u00e4tzen ab. &nbsp; Limited in Malta mit Gesch\u00e4ftsf\u00fchrer gr\u00fcnden: Welche <a href=\"http:\/\/malta-firmengruendung.de\/fr\/gruendungskosten\" rel=\"nofollow\"><span class=\"sr-only\">Read more about Kosten einer Gr\u00fcndung<\/span>[&hellip;]<\/a><\/p>\n","protected":false},"author":1,"featured_media":0,"parent":0,"menu_order":0,"comment_status":"closed","ping_status":"closed","template":"","meta":{"footnotes":""},"class_list":["post-161","page","type-page","status-publish","hentry"],"_links":{"self":[{"href":"http:\/\/malta-firmengruendung.de\/fr\/wp-json\/wp\/v2\/pages\/161","targetHints":{"allow":["GET"]}}],"collection":[{"href":"http:\/\/malta-firmengruendung.de\/fr\/wp-json\/wp\/v2\/pages"}],"about":[{"href":"http:\/\/malta-firmengruendung.de\/fr\/wp-json\/wp\/v2\/types\/page"}],"author":[{"embeddable":true,"href":"http:\/\/malta-firmengruendung.de\/fr\/wp-json\/wp\/v2\/users\/1"}],"replies":[{"embeddable":true,"href":"http:\/\/malta-firmengruendung.de\/fr\/wp-json\/wp\/v2\/comments?post=161"}],"version-history":[{"count":1,"href":"http:\/\/malta-firmengruendung.de\/fr\/wp-json\/wp\/v2\/pages\/161\/revisions"}],"predecessor-version":[{"id":162,"href":"http:\/\/malta-firmengruendung.de\/fr\/wp-json\/wp\/v2\/pages\/161\/revisions\/162"}],"wp:attachment":[{"href":"http:\/\/malta-firmengruendung.de\/fr\/wp-json\/wp\/v2\/media?parent=161"}],"curies":[{"name":"wp","href":"https:\/\/api.w.org\/{rel}","templated":true}]}}