{"id":163,"date":"2019-10-25T09:55:40","date_gmt":"2019-10-25T09:55:40","guid":{"rendered":"http:\/\/malta-firmengruendung.de\/?page_id=163"},"modified":"2019-10-25T09:55:40","modified_gmt":"2019-10-25T09:55:40","slug":"offshore-firma","status":"publish","type":"page","link":"http:\/\/malta-firmengruendung.de\/fr\/offshore-firma","title":{"rendered":"Soci\u00e9t\u00e9 offshore"},"content":{"rendered":"<h3><strong>Cr\u00e9er une entreprise off-shore<\/strong><\/h3>\n<p>Dans leur qu\u00eate d'optimisation fiscale, les entreprises sont t\u00f4t ou tard confront\u00e9es \u00e0 la notion d'off-shore. Ce terme est g\u00e9n\u00e9ralement associ\u00e9 \u00e0 celui de paradis fiscal ou de havre fiscal. Mais que signifie r\u00e9ellement la cr\u00e9ation d'une entreprise off-shore ? Le terme se traduit en fran\u00e7ais par : Loin de la c\u00f4te. Ce terme est toutefois trompeur, car il sugg\u00e8re qu'il s'agit de cr\u00e9er une entreprise sur des \u00eeles \u00e9loign\u00e9es. En r\u00e9alit\u00e9, il est possible de cr\u00e9er des soci\u00e9t\u00e9s offshore dans d'autres \u00c9tats membres de l'UE sous certaines conditions.<\/p>\n<p><strong>Le vent a tourn\u00e9 : pourquoi la cr\u00e9ation d'une entreprise off-shore n'est plus aussi lucrative aujourd'hui<\/strong><\/p>\n<p>De nombreux pays \u00e0 travers le monde ont mis en place diff\u00e9rentes r\u00e9glementations afin de r\u00e9duire l'utilisation abusive de l'argent des contribuables. L'une des plus importantes est la loi sur l'\u00e9change d'informations fiscales, \u00e0 laquelle de nombreux pays ont adh\u00e9r\u00e9. En outre, il existe de plus en plus de registres permettant de localiser les soci\u00e9t\u00e9s off-shore et leurs ayants droit \u00e9conomiques. Le secret bancaire, autrefois un bastion solide dans des pays comme la Suisse, appartient lui aussi de plus en plus au pass\u00e9.<\/p>\n<p>Pourtant, il existe encore des pays dans le monde qui n'ont pas sign\u00e9 ces r\u00e8gles et qui n'\u00e9changent pas de donn\u00e9es avec d'autres pays. Outre de nombreux pays africains, il s'agit par exemple en Europe de Chypre, Malte, la Roumanie et l'Irlande. Ceux qui souhaitent cr\u00e9er une soci\u00e9t\u00e9 offshore trouvent dans ces pays non seulement les conditions fiscales n\u00e9cessaires \u00e0 la r\u00e9ussite de la cr\u00e9ation d'une entreprise, mais aussi d'autres avantages tels qu'une infrastructure intacte, une main-d'\u0153uvre bon march\u00e9, des incitations lucratives de la part des gouvernements par le biais de l\u00e9gislations simples ou d'avantages fiscaux, et bien plus encore.<\/p>","protected":false},"excerpt":{"rendered":"<p>Eine Off-Shore Firma gr\u00fcnden Auf der Suche nach steuerlichen Optimierungen sto\u00dfen Unternehmen \u00fcber kurz oder lang auf den Begriff Off-Shore. Dieser Begriff wird meist im gleichen Atemzug mit Steuerparadies oder Steueroase genannt. Doch was bedeutet es eigentlich, eine Off-Shore Firma zu gr\u00fcnden? Der Begriff bedeutet ins Deutsche \u00fcbersetzt: Fern der K\u00fcste. Allerdings ist dieser Begriff <a href=\"http:\/\/malta-firmengruendung.de\/fr\/offshore-firma\" rel=\"nofollow\"><span class=\"sr-only\">Read more about Offshore Firma<\/span>[&hellip;]<\/a><\/p>\n","protected":false},"author":1,"featured_media":0,"parent":0,"menu_order":0,"comment_status":"closed","ping_status":"closed","template":"","meta":{"footnotes":""},"class_list":["post-163","page","type-page","status-publish","hentry"],"_links":{"self":[{"href":"http:\/\/malta-firmengruendung.de\/fr\/wp-json\/wp\/v2\/pages\/163","targetHints":{"allow":["GET"]}}],"collection":[{"href":"http:\/\/malta-firmengruendung.de\/fr\/wp-json\/wp\/v2\/pages"}],"about":[{"href":"http:\/\/malta-firmengruendung.de\/fr\/wp-json\/wp\/v2\/types\/page"}],"author":[{"embeddable":true,"href":"http:\/\/malta-firmengruendung.de\/fr\/wp-json\/wp\/v2\/users\/1"}],"replies":[{"embeddable":true,"href":"http:\/\/malta-firmengruendung.de\/fr\/wp-json\/wp\/v2\/comments?post=163"}],"version-history":[{"count":2,"href":"http:\/\/malta-firmengruendung.de\/fr\/wp-json\/wp\/v2\/pages\/163\/revisions"}],"predecessor-version":[{"id":165,"href":"http:\/\/malta-firmengruendung.de\/fr\/wp-json\/wp\/v2\/pages\/163\/revisions\/165"}],"wp:attachment":[{"href":"http:\/\/malta-firmengruendung.de\/fr\/wp-json\/wp\/v2\/media?parent=163"}],"curies":[{"name":"wp","href":"https:\/\/api.w.org\/{rel}","templated":true}]}}