{"id":167,"date":"2019-10-25T10:04:23","date_gmt":"2019-10-25T10:04:23","guid":{"rendered":"http:\/\/malta-firmengruendung.de\/?page_id=167"},"modified":"2019-10-29T10:44:35","modified_gmt":"2019-10-29T10:44:35","slug":"offshore-konto","status":"publish","type":"page","link":"http:\/\/malta-firmengruendung.de\/fr\/offshore-konto","title":{"rendered":"Compte offshore"},"content":{"rendered":"<h3>Ouvrir un compte offshore<\/h3>\n<p><strong>Quiconque d\u00e9tient un compte \u00e0 l'\u00e9tranger doit savoir que la plupart des \u00c9tats europ\u00e9ens sont d\u00e9sormais pass\u00e9s \u00e0 l'\u00e9change automatique d'informations. Mais un compte offshore reste l\u00e9gal. Il convient \u00e0 la diversification des risques et \u00e0 la protection du patrimoine.<br \/>\n<strong>Les pays sans \u00e9change automatique d'informations sont, en octobre 2019, entre autres :<\/strong><\/strong><\/p>\n<ul>\n<li>G\u00e9orgie<\/li>\n<li>\u00c9TATS-UNIS<\/li>\n<li>Ta\u00efwan<\/li>\n<li>Serbie<\/li>\n<li>Mont\u00e9n\u00e9gro<\/li>\n<li>Porto Rico<\/li>\n<\/ul>\n<p><strong>Comment se d\u00e9roule l'\u00e9change d'informations entre Malte et les autres pays de l'UE ?<\/strong><\/p>\n<p>Les banques maltaises \u00e9changent des donn\u00e9es dans toute l'UE. Un compte bancaire n'a de sens \u00e0 Malte que si une entreprise y est cr\u00e9\u00e9e, ce qui s'accompagne d'avantages fiscaux consid\u00e9rables. Ainsi, l'imp\u00f4t effectif sur les soci\u00e9t\u00e9s n'est que de 5 %. Cependant, il est n\u00e9cessaire d'avoir un directeur maltais ou de r\u00e9sider dans l'\u00eele.<\/p>\n<p><strong>Comment reconna\u00eetre un bon compte bancaire offshore ?<\/strong><\/p>\n<p>Une relation bancaire sans \u00e9change d'informations (AEOI\/CRS) doit \u00eatre situ\u00e9e dans un \u00c9tat sans \u00e9change d'informations avec les \u00c9tats de l'UE. Il existe d'autres \u00c9tats que ceux que nous avons mentionn\u00e9s. Il ne s'agit que des adresses les plus courantes pour les citoyens de l'UE. La relation bancaire sans \u00e9change d'informations en question porte en outre certaines caract\u00e9ristiques essentielles :<\/p>\n<ul>\n<li>Il n'est connu que du titulaire du compte et de la banque concern\u00e9e, mais pas de l'administration fiscale ni d'autres autorit\u00e9s, ni, de pr\u00e9f\u00e9rence, d'une entreprise partenaire ou d'une autre personne physique ou morale.<\/li>\n<li>L'ouverture d'un compte est simple.<\/li>\n<li>Il est possible de participer au trafic des paiements SEPA avec un IBAN \u00e0 partir du compte bancaire concern\u00e9.<\/li>\n<li>Il est \u00e9galement possible d'effectuer des op\u00e9rations bancaires en ligne (bien entendu aussi avec des terminaux mobiles).<\/li>\n<li>Le titulaire re\u00e7oit une Debit-Mastercard.<\/li>\n<li>La banque g\u00e8re toutes les monnaies courantes.<\/li>\n<\/ul>\n<p>Nous vous aidons volontiers \u00e0 mettre en place une telle relation bancaire. Vous prot\u00e9gez ainsi votre entreprise et votre patrimoine personnel.<\/p>","protected":false},"excerpt":{"rendered":"<p>Offshore Konto er\u00f6ffnen Wer im Ausland ein Konto f\u00fchrt, muss wissen, dass die meisten europ\u00e4ischen Staaten inzwischen zum automatischen Informationsaustausch \u00fcbergegangen sind. Doch ein Offshore Konto ist nach wie vor legal. Es eignet sich f\u00fcr die Risikodiversifikation und f\u00fcr den Verm\u00f6gensschutz. L\u00e4nder ohne automatischen Informationsaustausch sind mit Stand Oktober 2019 unter anderem: Georgien USA Taiwan <a href=\"http:\/\/malta-firmengruendung.de\/fr\/offshore-konto\" rel=\"nofollow\"><span class=\"sr-only\">Read more about Offshore Konto<\/span>[&hellip;]<\/a><\/p>\n","protected":false},"author":1,"featured_media":0,"parent":0,"menu_order":0,"comment_status":"closed","ping_status":"closed","template":"","meta":{"footnotes":""},"class_list":["post-167","page","type-page","status-publish","hentry"],"_links":{"self":[{"href":"http:\/\/malta-firmengruendung.de\/fr\/wp-json\/wp\/v2\/pages\/167","targetHints":{"allow":["GET"]}}],"collection":[{"href":"http:\/\/malta-firmengruendung.de\/fr\/wp-json\/wp\/v2\/pages"}],"about":[{"href":"http:\/\/malta-firmengruendung.de\/fr\/wp-json\/wp\/v2\/types\/page"}],"author":[{"embeddable":true,"href":"http:\/\/malta-firmengruendung.de\/fr\/wp-json\/wp\/v2\/users\/1"}],"replies":[{"embeddable":true,"href":"http:\/\/malta-firmengruendung.de\/fr\/wp-json\/wp\/v2\/comments?post=167"}],"version-history":[{"count":5,"href":"http:\/\/malta-firmengruendung.de\/fr\/wp-json\/wp\/v2\/pages\/167\/revisions"}],"predecessor-version":[{"id":172,"href":"http:\/\/malta-firmengruendung.de\/fr\/wp-json\/wp\/v2\/pages\/167\/revisions\/172"}],"wp:attachment":[{"href":"http:\/\/malta-firmengruendung.de\/fr\/wp-json\/wp\/v2\/media?parent=167"}],"curies":[{"name":"wp","href":"https:\/\/api.w.org\/{rel}","templated":true}]}}