{"id":73,"date":"2019-04-12T13:41:32","date_gmt":"2019-04-12T13:41:32","guid":{"rendered":"http:\/\/malta-firmengruendung.de\/?page_id=73"},"modified":"2019-04-12T13:45:16","modified_gmt":"2019-04-12T13:45:16","slug":"infofirmagruenden","status":"publish","type":"page","link":"http:\/\/malta-firmengruendung.de\/fr\/infofirmagruenden","title":{"rendered":"Infos et publications"},"content":{"rendered":"<p><strong>Cr\u00e9er une soci\u00e9t\u00e9 \u00e0 Malte <\/strong><\/p>\n<div class=\"text-content\">\n<p>Malte est un lieu tr\u00e8s attractif pour les investisseurs \u00e9trangers gr\u00e2ce \u00e0 un syst\u00e8me d'imposition favorable aux entreprises, une main-d'\u0153uvre qualifi\u00e9e et multilingue et un secteur financier, informatique et touristique tr\u00e8s d\u00e9velopp\u00e9. La cr\u00e9ation d'une entreprise peut s'av\u00e9rer tr\u00e8s rentable ici. Le gouvernement maltais encourage de tels projets par le biais de diff\u00e9rents programmes et incitations, dont des all\u00e8gements fiscaux importants - au-del\u00e0 des faibles taux d'imposition maltais.<\/p>\n<p><strong>Quels types de soci\u00e9t\u00e9s peuvent \u00eatre cr\u00e9\u00e9s \u00e0 Malte ?<\/strong><\/p>\n<ul>\n<li>Limited Liability Company (comparable \u00e0 notre SARL) et Limited (soci\u00e9t\u00e9 anonyme)<\/li>\n<li>Limited Partnership (soci\u00e9t\u00e9 en commandite)<\/li>\n<li>General Partnership (soci\u00e9t\u00e9 en nom collectif)<\/li>\n<\/ul>\n<p>Chaque forme de soci\u00e9t\u00e9 est soumise \u00e0 des r\u00e8gles de constitution bien pr\u00e9cises. Nos conseillers en cr\u00e9ation d'entreprise vous aident gr\u00e2ce \u00e0 notre service d'assistance complet.<\/p>\n<p><strong>Comment la private limited liability company est-elle enregistr\u00e9e ?<\/strong><\/p>\n<p>La SARL maltaise est la forme de soci\u00e9t\u00e9 la plus utilis\u00e9e dans l'\u00c9tat de l'UE. Le capital social minimum doit \u00eatre de 1.165 euros. Il faut au moins un directeur, deux associ\u00e9s, un company secretary et le si\u00e8ge social de la soci\u00e9t\u00e9. Les directeurs de soci\u00e9t\u00e9 n'ont express\u00e9ment pas besoin de r\u00e9sider \u00e0 Malte.<\/p>\n<p><strong>Comment enregistrer une soci\u00e9t\u00e9 anonyme maltaise ?<\/strong><\/p>\n<p>Ce type d'entreprise n\u00e9cessite au moins deux actionnaires, deux directeurs et un capital social minimum de 46.600 euros. Celui-ci doit \u00eatre souscrit et un minimum de 25 pour cent doit \u00eatre vers\u00e9 lors de la cr\u00e9ation. Les actions peuvent ensuite \u00eatre n\u00e9goci\u00e9es \u00e0 la Bourse de Malte.<\/p>\n<p><strong>\u00c9tablissements de soci\u00e9t\u00e9s \u00e9trang\u00e8res \u00e0 Malte<\/strong><\/p>\n<p>Au lieu de cr\u00e9er une nouvelle soci\u00e9t\u00e9, les entreprises \u00e9trang\u00e8res peuvent \u00e9galement \u00e9tablir des succursales maltaises. La soci\u00e9t\u00e9 individuelle (dite sole proprietorship) est une solution simple.<\/p>\n<p><strong>Documents pour la cr\u00e9ation d'entreprise<\/strong><\/p>\n<p>Les deux documents les plus importants sont les statuts de la soci\u00e9t\u00e9 et l'acte de constitution. Les informations suivantes y sont requises :<\/p>\n<ul>\n<li>Forme de la soci\u00e9t\u00e9, noms + domiciles des associ\u00e9s ou actionnaires<\/li>\n<li>Nom de l'entreprise<\/li>\n<li>Si\u00e8ge de la soci\u00e9t\u00e9<\/li>\n<li>Noms des conseils d'administration et de l'agent enregistr\u00e9<\/li>\n<li>Objet de l'entreprise<\/li>\n<li>Capital-actions minimum, y compris les cotisations des diff\u00e9rents membres<\/li>\n<li>Nom \/ domicile du secr\u00e9taire de l'entreprise<\/li>\n<li>Copies des documents d'identit\u00e9 (passeport)<\/li>\n<\/ul>\n<p>En tant qu'\u00e9tranger, vous n'avez pas besoin d'entrer dans le pays pour la proc\u00e9dure de constitution. L'autorisation d'un repr\u00e9sentant est autoris\u00e9e. Apr\u00e8s la cr\u00e9ation, la soci\u00e9t\u00e9 est enregistr\u00e9e, puis il faut demander des licences commerciales, un num\u00e9ro d'identification fiscale et d'autres autorisations, si n\u00e9cessaire. Les employeurs doivent obtenir un num\u00e9ro d'identification d'employeur et inscrire leurs employ\u00e9s aupr\u00e8s de l'Employment and Training-Corporation (agence nationale pour l'emploi).<\/p>\n<p><strong>La soci\u00e9t\u00e9 de r\u00e9serve maltaise<\/strong><\/p>\n<p>Les investisseurs \u00e9trangers qui souhaitent se lancer rapidement sur le march\u00e9 maltais peuvent le faire en achetant une soci\u00e9t\u00e9 dite de r\u00e9serve. Ces \"ready-made companies\" (soci\u00e9t\u00e9s pr\u00eates \u00e0 l'emploi) pr\u00e9sentent plusieurs avantages. Elles sont consid\u00e9r\u00e9es comme cr\u00e9dibles sur le march\u00e9, sont rapidement enregistr\u00e9es et obtiennent plus rapidement des cr\u00e9dits.<\/p>\n<p><strong>Bureau virtuel maltais<\/strong><\/p>\n<p>Ceux qui souhaitent tester le march\u00e9 maltais dans un premier temps peuvent y installer un bureau virtuel. Celui-ci se compose uniquement d'une ligne t\u00e9l\u00e9phonique, d'un fax et d'une connexion Internet dans le pays, les autres frais de fonctionnement habituels \u00e9tant supprim\u00e9s. Les services fournis par ce bureau peuvent \u00eatre la collecte de fax entrants, l'envoi de fax \u00e0 partir du num\u00e9ro maltais (peut \u00eatre contr\u00f4l\u00e9 en ligne depuis n'importe quel endroit du monde), le transfert d'appels et l'enregistrement de messages sur la bo\u00eete vocale (avec consultation \u00e0 distance). Il est \u00e9galement possible de demander des relev\u00e9s bancaires maltais \u00e0 partir du bureau virtuel.<\/p>\n<p><strong>Services de gestion pour une entreprise maltaise<\/strong><\/p>\n<p>Les investisseurs \u00e9trangers qui ont cr\u00e9\u00e9 une soci\u00e9t\u00e9 maltaise de la mani\u00e8re d\u00e9crite ci-dessus peuvent faire appel \u00e0 des services de secr\u00e9tariat et de fiducie. Nos repr\u00e9sentants en cr\u00e9ation d'entreprise vous fourniront des conseils d\u00e9taill\u00e9s \u00e0 ce sujet. Les services de gestion correspondent aux besoins sp\u00e9cifiques d'un investisseur \u00e9tranger.<\/p>\n<p><strong>Contexte juridique et \u00e9conomique des cr\u00e9ations d'entreprises maltaises<\/strong><\/p>\n<p>L'\u00c9tat maltais attire depuis des d\u00e9cennies les investisseurs \u00e9trangers dans le pays et les attire par des taux d'imposition avantageux. C'est pourquoi les cr\u00e9ations d'entreprises ont \u00e9t\u00e9 con\u00e7ues de mani\u00e8re tr\u00e8s avantageuse sur le plan juridique, elles sont plus rapides que dans presque tous les autres pays de l'UE. L'\u00c9tat maltais a adapt\u00e9 le droit des soci\u00e9t\u00e9s en cons\u00e9quence en 1995. C'est pourquoi un march\u00e9 local de conseillers s'est \u00e9galement d\u00e9velopp\u00e9 dans l'\u00c9tat, offrant un excellent soutien aux fondateurs \u00e9trangers.<\/p>\n<\/div>","protected":false},"excerpt":{"rendered":"<p>Firmengr\u00fcndung in Malta Malta ist f\u00fcr ausl\u00e4ndische Investoren ein sehr attraktiver Standort durch das unternehmerfreundliche Besteuerungssystem, qualifizierte mehrsprachige Arbeitskr\u00e4fte und eine sehr gut entwickelte Finanzwirtschaft, IT- und Tourismusindustrie. Eine Firmengr\u00fcndung kann sich hier sehr lohnen. Die maltesische Regierung f\u00f6rdert solche Vorhaben mit verschiedenen Programmen und Anreizen, zu denen auch deutliche Steuererleichterungen \u2013 \u00fcber die geringen <a href=\"http:\/\/malta-firmengruendung.de\/fr\/infofirmagruenden\" rel=\"nofollow\"><span class=\"sr-only\">Read more about Infos und Publikationen<\/span>[&hellip;]<\/a><\/p>\n","protected":false},"author":1,"featured_media":0,"parent":0,"menu_order":0,"comment_status":"closed","ping_status":"closed","template":"","meta":{"footnotes":""},"class_list":["post-73","page","type-page","status-publish","hentry"],"_links":{"self":[{"href":"http:\/\/malta-firmengruendung.de\/fr\/wp-json\/wp\/v2\/pages\/73","targetHints":{"allow":["GET"]}}],"collection":[{"href":"http:\/\/malta-firmengruendung.de\/fr\/wp-json\/wp\/v2\/pages"}],"about":[{"href":"http:\/\/malta-firmengruendung.de\/fr\/wp-json\/wp\/v2\/types\/page"}],"author":[{"embeddable":true,"href":"http:\/\/malta-firmengruendung.de\/fr\/wp-json\/wp\/v2\/users\/1"}],"replies":[{"embeddable":true,"href":"http:\/\/malta-firmengruendung.de\/fr\/wp-json\/wp\/v2\/comments?post=73"}],"version-history":[{"count":2,"href":"http:\/\/malta-firmengruendung.de\/fr\/wp-json\/wp\/v2\/pages\/73\/revisions"}],"predecessor-version":[{"id":75,"href":"http:\/\/malta-firmengruendung.de\/fr\/wp-json\/wp\/v2\/pages\/73\/revisions\/75"}],"wp:attachment":[{"href":"http:\/\/malta-firmengruendung.de\/fr\/wp-json\/wp\/v2\/media?parent=73"}],"curies":[{"name":"wp","href":"https:\/\/api.w.org\/{rel}","templated":true}]}}