{"id":163,"date":"2019-10-25T09:55:40","date_gmt":"2019-10-25T09:55:40","guid":{"rendered":"http:\/\/malta-firmengruendung.de\/?page_id=163"},"modified":"2019-10-25T09:55:40","modified_gmt":"2019-10-25T09:55:40","slug":"offshore-firma","status":"publish","type":"page","link":"http:\/\/malta-firmengruendung.de\/ru\/offshore-firma","title":{"rendered":"\u041e\u0444\u0444\u0448\u043e\u0440\u043d\u0430\u044f \u043a\u043e\u043c\u043f\u0430\u043d\u0438\u044f"},"content":{"rendered":"<h3><strong>\u0423\u0447\u0440\u0435\u0436\u0434\u0435\u043d\u0438\u0435 \u043e\u0444\u0444\u0448\u043e\u0440\u043d\u043e\u0439 \u043a\u043e\u043c\u043f\u0430\u043d\u0438\u0438<\/strong><\/h3>\n<p>\u0412 \u043f\u043e\u0438\u0441\u043a\u0430\u0445 \u043e\u043f\u0442\u0438\u043c\u0438\u0437\u0430\u0446\u0438\u0438 \u043d\u0430\u043b\u043e\u0433\u043e\u043e\u0431\u043b\u043e\u0436\u0435\u043d\u0438\u044f \u043a\u043e\u043c\u043f\u0430\u043d\u0438\u0438 \u0440\u0430\u043d\u043e \u0438\u043b\u0438 \u043f\u043e\u0437\u0434\u043d\u043e \u0441\u0442\u0430\u043b\u043a\u0438\u0432\u0430\u044e\u0442\u0441\u044f \u0441 \u0442\u0435\u0440\u043c\u0438\u043d\u043e\u043c \"\u043e\u0444\u0448\u043e\u0440\". \u041e\u0431\u044b\u0447\u043d\u043e \u044d\u0442\u043e\u0442 \u0442\u0435\u0440\u043c\u0438\u043d \u0443\u043f\u043e\u043c\u0438\u043d\u0430\u0435\u0442\u0441\u044f \u043d\u0430 \u043e\u0434\u043d\u043e\u043c \u0434\u044b\u0445\u0430\u043d\u0438\u0438 \u0441 \u0442\u0435\u0440\u043c\u0438\u043d\u0430\u043c\u0438 \"\u043d\u0430\u043b\u043e\u0433\u043e\u0432\u0430\u044f \u0433\u0430\u0432\u0430\u043d\u044c\" \u0438\u043b\u0438 \"\u043d\u0430\u043b\u043e\u0433\u043e\u0432\u044b\u0439 \u043e\u0430\u0437\u0438\u0441\". \u041d\u043e \u0447\u0442\u043e \u043d\u0430 \u0441\u0430\u043c\u043e\u043c \u0434\u0435\u043b\u0435 \u043e\u0437\u043d\u0430\u0447\u0430\u0435\u0442 \u0441\u043e\u0437\u0434\u0430\u043d\u0438\u0435 \u043e\u0444\u0444\u0448\u043e\u0440\u043d\u043e\u0439 \u043a\u043e\u043c\u043f\u0430\u043d\u0438\u0438? \u0412 \u043f\u0435\u0440\u0435\u0432\u043e\u0434\u0435 \u0441 \u043d\u0435\u043c\u0435\u0446\u043a\u043e\u0433\u043e \u044d\u0442\u043e\u0442 \u0442\u0435\u0440\u043c\u0438\u043d \u043e\u0437\u043d\u0430\u0447\u0430\u0435\u0442: \u0412\u0434\u0430\u043b\u0438 \u043e\u0442 \u0431\u0435\u0440\u0435\u0433\u0430. \u041e\u0434\u043d\u0430\u043a\u043e \u044d\u0442\u043e\u0442 \u0442\u0435\u0440\u043c\u0438\u043d \u0432\u0432\u043e\u0434\u0438\u0442 \u0432 \u0437\u0430\u0431\u043b\u0443\u0436\u0434\u0435\u043d\u0438\u0435, \u043f\u043e\u0441\u043a\u043e\u043b\u044c\u043a\u0443 \u043f\u0440\u0435\u0434\u043f\u043e\u043b\u0430\u0433\u0430\u0435\u0442, \u0447\u0442\u043e \u043a\u043e\u043c\u043f\u0430\u043d\u0438\u0438 \u0441\u043e\u0437\u0434\u0430\u044e\u0442\u0441\u044f \u043d\u0430 \u043e\u0442\u0434\u0430\u043b\u0435\u043d\u043d\u044b\u0445 \u043e\u0441\u0442\u0440\u043e\u0432\u0430\u0445. \u0414\u0435\u0439\u0441\u0442\u0432\u0438\u0442\u0435\u043b\u044c\u043d\u043e, \u043f\u0440\u0438 \u043e\u043f\u0440\u0435\u0434\u0435\u043b\u0435\u043d\u043d\u044b\u0445 \u0443\u0441\u043b\u043e\u0432\u0438\u044f\u0445 \u043e\u0444\u0444\u0448\u043e\u0440\u043d\u044b\u0435 \u043a\u043e\u043c\u043f\u0430\u043d\u0438\u0438 \u043c\u043e\u0433\u0443\u0442 \u0441\u043e\u0437\u0434\u0430\u0432\u0430\u0442\u044c\u0441\u044f \u0434\u0430\u0436\u0435 \u0432 \u0434\u0440\u0443\u0433\u0438\u0445 \u0441\u0442\u0440\u0430\u043d\u0430\u0445 - \u0447\u043b\u0435\u043d\u0430\u0445 \u0415\u0421.<\/p>\n<p><strong>\u0412\u0435\u0442\u0435\u0440 \u043f\u0435\u0440\u0435\u043c\u0435\u043d\u0438\u043b\u0441\u044f: \u043f\u043e\u0447\u0435\u043c\u0443 \u0441\u043e\u0437\u0434\u0430\u043d\u0438\u0435 \u043e\u0444\u0444\u0448\u043e\u0440\u043d\u043e\u0439 \u043a\u043e\u043c\u043f\u0430\u043d\u0438\u0438 \u0441\u0435\u0433\u043e\u0434\u043d\u044f \u0443\u0436\u0435 \u043d\u0435 \u0442\u0430\u043a \u0432\u044b\u0433\u043e\u0434\u043d\u043e<\/strong><\/p>\n<p>\u0412\u043e \u043c\u043d\u043e\u0433\u0438\u0445 \u0441\u0442\u0440\u0430\u043d\u0430\u0445 \u043c\u0438\u0440\u0430 \u043f\u0440\u0438\u043d\u044f\u0442\u044b \u0440\u0430\u0437\u043b\u0438\u0447\u043d\u044b\u0435 \u043d\u043e\u0440\u043c\u0430\u0442\u0438\u0432\u043d\u044b\u0435 \u0430\u043a\u0442\u044b, \u043d\u0430\u043f\u0440\u0430\u0432\u043b\u0435\u043d\u043d\u044b\u0435 \u043d\u0430 \u043f\u0440\u0435\u0441\u0435\u0447\u0435\u043d\u0438\u0435 \u043d\u0435\u0446\u0435\u043b\u0435\u0432\u043e\u0433\u043e \u0438\u0441\u043f\u043e\u043b\u044c\u0437\u043e\u0432\u0430\u043d\u0438\u044f \u0441\u0440\u0435\u0434\u0441\u0442\u0432 \u043d\u0430\u043b\u043e\u0433\u043e\u043f\u043b\u0430\u0442\u0435\u043b\u044c\u0449\u0438\u043a\u043e\u0432. \u041e\u0434\u043d\u0438\u043c \u0438\u0437 \u043d\u0430\u0438\u0431\u043e\u043b\u0435\u0435 \u043a\u0440\u0443\u043f\u043d\u044b\u0445 \u043d\u043e\u0440\u043c\u0430\u0442\u0438\u0432\u043d\u044b\u0445 \u0430\u043a\u0442\u043e\u0432 \u044f\u0432\u043b\u044f\u0435\u0442\u0441\u044f \u0417\u0430\u043a\u043e\u043d \u043e\u0431 \u043e\u0431\u043c\u0435\u043d\u0435 \u043d\u0430\u043b\u043e\u0433\u043e\u0432\u043e\u0439 \u0438\u043d\u0444\u043e\u0440\u043c\u0430\u0446\u0438\u0435\u0439, \u043a\u043e\u0442\u043e\u0440\u044b\u0439 \u043f\u043e\u0434\u043f\u0438\u0441\u0430\u043b\u0438 \u043c\u043d\u043e\u0433\u0438\u0435 \u0441\u0442\u0440\u0430\u043d\u044b. \u041a\u0440\u043e\u043c\u0435 \u0442\u043e\u0433\u043e, \u043f\u043e\u044f\u0432\u043b\u044f\u0435\u0442\u0441\u044f \u0432\u0441\u0435 \u0431\u043e\u043b\u044c\u0448\u0435 \u0440\u0435\u0435\u0441\u0442\u0440\u043e\u0432, \u043f\u043e \u043a\u043e\u0442\u043e\u0440\u044b\u043c \u043c\u043e\u0436\u043d\u043e \u043e\u0442\u0441\u043b\u0435\u0434\u0438\u0442\u044c \u043e\u0444\u0444\u0448\u043e\u0440\u043d\u044b\u0435 \u043a\u043e\u043c\u043f\u0430\u043d\u0438\u0438 \u0438 \u0438\u0445 \u0431\u0435\u043d\u0435\u0444\u0438\u0446\u0438\u0430\u0440\u043d\u044b\u0445 \u0432\u043b\u0430\u0434\u0435\u043b\u044c\u0446\u0435\u0432. \u0411\u0430\u043d\u043a\u043e\u0432\u0441\u043a\u0430\u044f \u0442\u0430\u0439\u043d\u0430, \u043d\u0435\u043a\u043e\u0433\u0434\u0430 \u043d\u0435\u0437\u044b\u0431\u043b\u0435\u043c\u044b\u0439 \u0431\u0430\u0441\u0442\u0438\u043e\u043d \u0442\u0430\u043a\u0438\u0445 \u0441\u0442\u0440\u0430\u043d, \u043a\u0430\u043a \u0428\u0432\u0435\u0439\u0446\u0430\u0440\u0438\u044f, \u0442\u0430\u043a\u0436\u0435 \u0432\u0441\u0435 \u0431\u043e\u043b\u044c\u0448\u0435 \u0443\u0445\u043e\u0434\u0438\u0442 \u0432 \u043f\u0440\u043e\u0448\u043b\u043e\u0435.<\/p>\n<p>\u0422\u0435\u043c \u043d\u0435 \u043c\u0435\u043d\u0435\u0435, \u0432 \u043c\u0438\u0440\u0435 \u0432\u0441\u0435 \u0435\u0449\u0435 \u0441\u0443\u0449\u0435\u0441\u0442\u0432\u0443\u044e\u0442 \u0441\u0442\u0440\u0430\u043d\u044b, \u043a\u043e\u0442\u043e\u0440\u044b\u0435 \u043d\u0435 \u043f\u043e\u0434\u043f\u0438\u0441\u0430\u043b\u0438 \u044d\u0442\u0438 \u043f\u0440\u0430\u0432\u0438\u043b\u0430 \u0438 \u043d\u0435 \u043e\u0431\u043c\u0435\u043d\u0438\u0432\u0430\u044e\u0442\u0441\u044f \u0434\u0430\u043d\u043d\u044b\u043c\u0438 \u0441 \u0434\u0440\u0443\u0433\u0438\u043c\u0438 \u0441\u0442\u0440\u0430\u043d\u0430\u043c\u0438. \u0412 \u0415\u0432\u0440\u043e\u043f\u0435 \u043a \u0442\u0430\u043a\u0438\u043c \u0441\u0442\u0440\u0430\u043d\u0430\u043c, \u043f\u043e\u043c\u0438\u043c\u043e \u043c\u043d\u043e\u0433\u0438\u0445 \u0430\u0444\u0440\u0438\u043a\u0430\u043d\u0441\u043a\u0438\u0445 \u0433\u043e\u0441\u0443\u0434\u0430\u0440\u0441\u0442\u0432, \u043e\u0442\u043d\u043e\u0441\u044f\u0442\u0441\u044f \u041a\u0438\u043f\u0440, \u041c\u0430\u043b\u044c\u0442\u0430, \u0420\u0443\u043c\u044b\u043d\u0438\u044f \u0438 \u0418\u0440\u043b\u0430\u043d\u0434\u0438\u044f. \u041b\u044e\u0431\u043e\u0439 \u0436\u0435\u043b\u0430\u044e\u0449\u0438\u0439 \u0441\u043e\u0437\u0434\u0430\u0442\u044c \u043e\u0444\u0444\u0448\u043e\u0440\u043d\u0443\u044e \u043a\u043e\u043c\u043f\u0430\u043d\u0438\u044e \u043d\u0430\u0439\u0434\u0435\u0442 \u0432 \u044d\u0442\u0438\u0445 \u0441\u0442\u0440\u0430\u043d\u0430\u0445 \u043d\u0435 \u0442\u043e\u043b\u044c\u043a\u043e \u043d\u0430\u043b\u043e\u0433\u043e\u0432\u044b\u0435 \u0443\u0441\u043b\u043e\u0432\u0438\u044f \u0434\u043b\u044f \u0443\u0441\u043f\u0435\u0448\u043d\u043e\u0433\u043e \u0441\u043e\u0437\u0434\u0430\u043d\u0438\u044f \u043a\u043e\u043c\u043f\u0430\u043d\u0438\u0438, \u043d\u043e \u0438 \u0434\u0440\u0443\u0433\u0438\u0435 \u043f\u0440\u0435\u0438\u043c\u0443\u0449\u0435\u0441\u0442\u0432\u0430, \u0442\u0430\u043a\u0438\u0435 \u043a\u0430\u043a \u0440\u0430\u0437\u0432\u0438\u0442\u0430\u044f \u0438\u043d\u0444\u0440\u0430\u0441\u0442\u0440\u0443\u043a\u0442\u0443\u0440\u0430, \u0431\u043b\u0430\u0433\u043e\u043f\u0440\u0438\u044f\u0442\u043d\u0430\u044f \u0440\u0430\u0431\u043e\u0447\u0430\u044f \u0441\u0438\u043b\u0430, \u0432\u044b\u0433\u043e\u0434\u043d\u044b\u0435 \u0441\u0442\u0438\u043c\u0443\u043b\u044b \u0441\u043e \u0441\u0442\u043e\u0440\u043e\u043d\u044b \u043f\u0440\u0430\u0432\u0438\u0442\u0435\u043b\u044c\u0441\u0442\u0432 \u0432 \u0432\u0438\u0434\u0435 \u043f\u0440\u043e\u0441\u0442\u044b\u0445 \u0437\u0430\u043a\u043e\u043d\u043e\u0432 \u0438\u043b\u0438 \u043d\u0430\u043b\u043e\u0433\u043e\u0432\u044b\u0445 \u043b\u044c\u0433\u043e\u0442 \u0438 \u043c\u043d\u043e\u0433\u043e\u0435 \u0434\u0440\u0443\u0433\u043e\u0435.<\/p>","protected":false},"excerpt":{"rendered":"<p>Eine Off-Shore Firma gr\u00fcnden Auf der Suche nach steuerlichen Optimierungen sto\u00dfen Unternehmen \u00fcber kurz oder lang auf den Begriff Off-Shore. Dieser Begriff wird meist im gleichen Atemzug mit Steuerparadies oder Steueroase genannt. Doch was bedeutet es eigentlich, eine Off-Shore Firma zu gr\u00fcnden? Der Begriff bedeutet ins Deutsche \u00fcbersetzt: Fern der K\u00fcste. Allerdings ist dieser Begriff <a href=\"http:\/\/malta-firmengruendung.de\/ru\/offshore-firma\" rel=\"nofollow\"><span class=\"sr-only\">Read more about Offshore Firma<\/span>[&hellip;]<\/a><\/p>\n","protected":false},"author":1,"featured_media":0,"parent":0,"menu_order":0,"comment_status":"closed","ping_status":"closed","template":"","meta":{"footnotes":""},"class_list":["post-163","page","type-page","status-publish","hentry"],"_links":{"self":[{"href":"http:\/\/malta-firmengruendung.de\/ru\/wp-json\/wp\/v2\/pages\/163","targetHints":{"allow":["GET"]}}],"collection":[{"href":"http:\/\/malta-firmengruendung.de\/ru\/wp-json\/wp\/v2\/pages"}],"about":[{"href":"http:\/\/malta-firmengruendung.de\/ru\/wp-json\/wp\/v2\/types\/page"}],"author":[{"embeddable":true,"href":"http:\/\/malta-firmengruendung.de\/ru\/wp-json\/wp\/v2\/users\/1"}],"replies":[{"embeddable":true,"href":"http:\/\/malta-firmengruendung.de\/ru\/wp-json\/wp\/v2\/comments?post=163"}],"version-history":[{"count":2,"href":"http:\/\/malta-firmengruendung.de\/ru\/wp-json\/wp\/v2\/pages\/163\/revisions"}],"predecessor-version":[{"id":165,"href":"http:\/\/malta-firmengruendung.de\/ru\/wp-json\/wp\/v2\/pages\/163\/revisions\/165"}],"wp:attachment":[{"href":"http:\/\/malta-firmengruendung.de\/ru\/wp-json\/wp\/v2\/media?parent=163"}],"curies":[{"name":"wp","href":"https:\/\/api.w.org\/{rel}","templated":true}]}}