{"id":109,"date":"2019-09-13T07:09:24","date_gmt":"2019-09-13T07:09:24","guid":{"rendered":"http:\/\/malta-firmengruendung.de\/?page_id=109"},"modified":"2019-09-13T07:11:44","modified_gmt":"2019-09-13T07:11:44","slug":"steuervorteile-malta","status":"publish","type":"page","link":"http:\/\/malta-firmengruendung.de\/tr\/steuervorteile-malta","title":{"rendered":"Malta'da vergi avantajlar\u0131 &amp; Malta i\u00e7in vergi dan\u0131\u015fmanlar\u0131"},"content":{"rendered":"<p><strong>Malta'da vergi avantajlar\u0131 &amp; Malta i\u00e7in vergi dan\u0131\u015fmanlar\u0131<\/strong><\/p>\n<p>Ben bir Alman internet giri\u015fimcisiyim (sat\u0131\u015f ortakl\u0131\u011f\u0131) ve \u015firketimi 2016 y\u0131l\u0131nda Malta'da tescil ettirdim. Bunu bana vergi dan\u0131\u015fman\u0131m tavsiye etti. O zamandan beri \u00e7ok fazla vergi tasarrufu yapt\u0131m ve harika Malta havas\u0131n\u0131n ve buradaki dost canl\u0131s\u0131 insanlar\u0131n tad\u0131n\u0131 \u00e7\u0131kar\u0131yorum. Zaman zaman diz\u00fcst\u00fc bilgisayar\u0131mla sahilde oturup i\u015fimin nas\u0131l gitti\u011fini kontrol ediyorum.<\/p>\n<p><strong>Arka plan: Malta'da vergi tasarrufu<\/strong><\/p>\n<p>Vergi dan\u0131\u015fman\u0131m Malta'daki elveri\u015fli vergi ko\u015fullar\u0131na dikkatimi \u00e7ekti. Bunlar iki ko\u015ful alt\u0131nda giri\u015fimcilere fayda sa\u011fl\u0131yor:<\/p>\n<ul>\n<li>Malta'da bir limited \u015firket kurmak gereklidir.<\/li>\n<li>\u0130\u015f yerinin buraya ta\u015f\u0131nmas\u0131 gerekmektedir.<\/li>\n<\/ul>\n<p>Ben de \u00f6yle yapt\u0131m, \u00e7\u00fcnk\u00fc bir internet giri\u015fimcisi olarak her yerde \u00e7al\u0131\u015fabilirim. Almanya ile herhangi bir aile ba\u011f\u0131m yok. Ailem g\u00fcneyde ya\u015f\u0131yor, \u00e7ocu\u011fum ya da karde\u015fim yok ve son Alman k\u0131z arkada\u015f\u0131mdan ayr\u0131ld\u0131m. Ne yaz\u0131k ki, y\u00fcksek Alman vergi oranlar\u0131yla zaten muazzam bir \u015fekilde b\u00fcy\u00fcm\u00fc\u015f olan bir i\u015ftirak olarak servetimle ba\u015fa \u00e7\u0131kamad\u0131. Ama Malta vergilendirmesine geri d\u00f6nelim. Bir giri\u015fimci olarak yukar\u0131daki ko\u015fullar\u0131 yerine getirirseniz, Malta makamlar\u0131 size kurumlar verginizin inan\u0131lmaz bir 6\/7'sini iade edecektir. \u0130htiyac\u0131n\u0131z olan tek \u015fey limited \u015firketin sahibi olarak bir holding \u015firketi veya yabanc\u0131 ortaklar. Bende ikisi de var.<\/p>\n<p><strong>Malta'daki \u015firketiniz i\u00e7in bir vergi dan\u0131\u015fman\u0131na m\u0131 ihtiyac\u0131n\u0131z var?<\/strong><\/p>\n<p>Kesinlikle! \u00c7ok fazla vergi tasarrufu yapabilirsiniz, ancak bunu yapmak i\u00e7in ilgili d\u00fczenlemelere \u00e7ok dikkat etmeniz gerekir. Bunun i\u00e7in vergi dan\u0131\u015fmanl\u0131\u011f\u0131 al\u0131n ve ard\u0131ndan Malta mevzuat\u0131n\u0131n size sundu\u011fu bir\u00e7ok avantajdan yararlan\u0131n. Ancak burada sadece bir posta kutusu \u015firketi i\u015fletmek istedi\u011finiz fikrine kap\u0131lmay\u0131n. Bu fark edilecek ve eliniz bo\u015f d\u00f6neceksiniz. Bir arkada\u015f\u0131m\u0131n ba\u015f\u0131na gelen buydu. Ama ben ak\u0131ll\u0131 vergi tavsiyeleriyle \u00f6nlemimi ald\u0131m ve \u015fimdi y\u00fcksek ciro, d\u00fc\u015f\u00fck vergiler, muhte\u015fem hava, beyaz kumsallar ve g\u00fczel, cana yak\u0131n kad\u0131nlarla yeni hayat\u0131m\u0131n tad\u0131n\u0131 doyas\u0131ya \u00e7\u0131kar\u0131yorum!<\/p>","protected":false},"excerpt":{"rendered":"<p>Steuervorteile in Malta &amp; Steuerberater f\u00fcr Malta Ich bin deutscher Internetunternehmer (Affiliate Marketing) und habe meine Firma im Jahr 2016 in Malta angemeldet. Das hat mir mein Steuerberater empfohlen. Seither spare ich viele Steuern und genie\u00dfe hier vor Ort das herrliche maltesische Wetter und die freundlichen Menschen. Ab und zu sitze ich mit dem Laptop <a href=\"http:\/\/malta-firmengruendung.de\/tr\/steuervorteile-malta\" rel=\"nofollow\"><span class=\"sr-only\">Read more about Steuervorteile in Malta &#038; Steuerberater f\u00fcr Malta<\/span>[&hellip;]<\/a><\/p>\n","protected":false},"author":1,"featured_media":60,"parent":0,"menu_order":0,"comment_status":"closed","ping_status":"closed","template":"","meta":{"footnotes":""},"class_list":["post-109","page","type-page","status-publish","has-post-thumbnail","hentry"],"_links":{"self":[{"href":"http:\/\/malta-firmengruendung.de\/tr\/wp-json\/wp\/v2\/pages\/109","targetHints":{"allow":["GET"]}}],"collection":[{"href":"http:\/\/malta-firmengruendung.de\/tr\/wp-json\/wp\/v2\/pages"}],"about":[{"href":"http:\/\/malta-firmengruendung.de\/tr\/wp-json\/wp\/v2\/types\/page"}],"author":[{"embeddable":true,"href":"http:\/\/malta-firmengruendung.de\/tr\/wp-json\/wp\/v2\/users\/1"}],"replies":[{"embeddable":true,"href":"http:\/\/malta-firmengruendung.de\/tr\/wp-json\/wp\/v2\/comments?post=109"}],"version-history":[{"count":2,"href":"http:\/\/malta-firmengruendung.de\/tr\/wp-json\/wp\/v2\/pages\/109\/revisions"}],"predecessor-version":[{"id":112,"href":"http:\/\/malta-firmengruendung.de\/tr\/wp-json\/wp\/v2\/pages\/109\/revisions\/112"}],"wp:featuredmedia":[{"embeddable":true,"href":"http:\/\/malta-firmengruendung.de\/tr\/wp-json\/wp\/v2\/media\/60"}],"wp:attachment":[{"href":"http:\/\/malta-firmengruendung.de\/tr\/wp-json\/wp\/v2\/media?parent=109"}],"curies":[{"name":"wp","href":"https:\/\/api.w.org\/{rel}","templated":true}]}}