{"id":116,"date":"2019-09-18T12:11:25","date_gmt":"2019-09-18T12:11:25","guid":{"rendered":"http:\/\/malta-firmengruendung.de\/?page_id=116"},"modified":"2019-09-18T12:12:53","modified_gmt":"2019-09-18T12:12:53","slug":"limited-gruenden","status":"publish","type":"page","link":"http:\/\/malta-firmengruendung.de\/tr\/limited-gruenden","title":{"rendered":"Malta'da limited \u015firket kurulu\u015fu"},"content":{"rendered":"<p>Malta, AB'nin en m\u00fcreffeh \u00fclkelerinden biridir ve bu da \u00e7ok uygun vergi oranlar\u0131 ve di\u011fer vergi muafiyetlerinden kaynaklanmaktad\u0131r. Bunlar aras\u0131nda, \u015firketin fiilen \u00fclkede yerle\u015fik olmas\u0131 halinde kurumlar vergisinin 6\/7 oran\u0131nda iade edilmesi de yer almaktad\u0131r. \u00c7ok geli\u015fmi\u015f bir BT altyap\u0131s\u0131 (Almanya'dakinden \u00e7ok daha iyi), iyi geli\u015fmi\u015f bir finans sekt\u00f6r\u00fc ve kalifiye i\u015fg\u00fcc\u00fc gibi ba\u015fka avantajlar da vard\u0131r.<\/p>\n<p> <strong>Malta'da \u015firket kurulu\u015fu: Hangi se\u00e7enekler var?<\/strong><\/p>\n<p> Maltal\u0131 \u015firketlerin en \u00f6nemli t\u00fcrleri \u015funlard\u0131r<\/p>\n<ul>\n<li>Genel ortakl\u0131k (General Partnership)<\/li>\n<li>S\u0131n\u0131rl\u0131 ortakl\u0131k (Limited Partnership)<\/li>\n<li>Halka a\u00e7\u0131k limited \u015firket <\/li>\n<li>Burada S\u0131n\u0131rl\u0131 Sorumluluk \u015eirketi olarak adland\u0131r\u0131lan GmbH<\/li>\n<\/ul>\n<p> Bu \u015firket formlar\u0131n\u0131n her biri i\u00e7in belirli kurulu\u015f gereksinimleri vard\u0131r. Hangi formun sizin i\u00e7in do\u011fru oldu\u011fu sermayenize, di\u011fer hissedarlara ve i\u015f amac\u0131n\u0131za ba\u011fl\u0131d\u0131r. Bu konuda size tavsiyede bulunmaktan memnuniyet duyar\u0131z. \u015eirket kurulu\u015funuzun yasal olarak uyumlu olmas\u0131n\u0131 ve ayn\u0131 zamanda Malta vergi avantajlar\u0131ndan tam olarak yararlanabilmenizi sa\u011flamak i\u00e7in kurulu\u015f dan\u0131\u015fmanlar\u0131m\u0131zdan tam yard\u0131m alacaks\u0131n\u0131z.<\/p>\n<p> <strong>Malta'da bir \u015firket kurmak: Nelere dikkat etmeliyim?<\/strong><\/p>\n<p> Malta limited \u015firketinin avantajlar\u0131 tart\u0131\u015fmas\u0131z olsa bile, \u00e7aban\u0131n sonunda ger\u00e7ekten i\u015fe yaramas\u0131n\u0131 sa\u011flamak i\u00e7in ak\u0131lda tutulmas\u0131 gereken birka\u00e7 nokta vard\u0131r. Gerekli uzmanl\u0131\u011fa sahip de\u011filseniz baz\u0131 vergi tuzaklar\u0131 vard\u0131r. Bunlar<\/p>\n<ul>\n<li>#1: Yabanc\u0131 bir \u015firketten hisse ald\u0131\u011f\u0131n\u0131z\u0131 Alman vergi dairesine bildirmeniz gerekir. Bu d\u00fczenleme, s\u00f6z konusu hisselerin 10 %'sinden itibaren ge\u00e7erlidir.<\/li>\n<li>#2: AB'de kurulu\u015f \u00f6zg\u00fcrl\u00fc\u011f\u00fc: AB'deki vergi farkl\u0131l\u0131\u011f\u0131ndan yasal olarak yararlanabilirsiniz, bu nedenle Malta \u015firketiniz AB yasalar\u0131na g\u00f6re sahte bir \u015firket de\u011fildir. Ancak, kurumlar vergisi oran\u0131 25 %'nin alt\u0131nda olan AB \u00fclkeleri i\u00e7in ek d\u00fczenlemeler vard\u0131r. Bunlar, y\u00f6netim de dahil olmak \u00fczere ticari faaliyetlerinizi hedef \u00fclkede fiilen kurman\u0131z\u0131 ve orada aktif gelir elde etmenizi gerektirir. Maltal\u0131 bir posta kutusu \u015firketi kesinlikle \u00e7al\u0131\u015fm\u0131yor.<\/li>\n<li>#3: Malta kurumlar vergisinin geri \u00f6denmesi: Ba\u015flang\u0131\u00e7ta 35 % olan kurumlar vergisinin 6\/7'sini Malta vergi dairesinden geri alacaks\u0131n\u0131z. Ancak, bu ayn\u0131 zamanda Malta'da kay\u0131tl\u0131 bir ofis ve ticari faaliyetlerin yan\u0131 s\u0131ra Malta'da bir banka hesab\u0131 (!) gerektirir.<\/li>\n<li>#4: Kendi ofisiniz olmal\u0131d\u0131r. Yerel bir dan\u0131\u015fman veya avukat\u0131n ofisini a\u00e7\u0131k\u00e7a kullanamazs\u0131n\u0131z. Malta vergi dairesi bu daimi i\u015fyerine bakabilir.<\/li>\n<\/ul>\n<p> Ba\u015fka sorular\u0131n\u0131z varsa, size tavsiyelerde bulunmaktan memnuniyet duyar\u0131z! <\/p>","protected":false},"excerpt":{"rendered":"<p>Malta geh\u00f6rt zu den sehr wohlhabenden L\u00e4ndern der EU, was auch an den sehr g\u00fcnstigen Steuers\u00e4tzen und weiteren Steuererleichterungen liegt. Zu jenen geh\u00f6rt die Erstattung der K\u00f6rperschaftssteuer zu 6\/7, wenn die Firma wirklich im Land ans\u00e4ssig ist. Hinzu kommen weitere Vorteile wie eine sehr gut entwickelte IT-Infrastruktur (deutlich besser als in Deutschland), ein gut ausgebauter <a href=\"http:\/\/malta-firmengruendung.de\/tr\/limited-gruenden\" rel=\"nofollow\"><span class=\"sr-only\">Read more about Limited Gr\u00fcnden in Malta<\/span>[&hellip;]<\/a><\/p>\n","protected":false},"author":1,"featured_media":0,"parent":0,"menu_order":0,"comment_status":"closed","ping_status":"closed","template":"","meta":{"footnotes":""},"class_list":["post-116","page","type-page","status-publish","hentry"],"_links":{"self":[{"href":"http:\/\/malta-firmengruendung.de\/tr\/wp-json\/wp\/v2\/pages\/116","targetHints":{"allow":["GET"]}}],"collection":[{"href":"http:\/\/malta-firmengruendung.de\/tr\/wp-json\/wp\/v2\/pages"}],"about":[{"href":"http:\/\/malta-firmengruendung.de\/tr\/wp-json\/wp\/v2\/types\/page"}],"author":[{"embeddable":true,"href":"http:\/\/malta-firmengruendung.de\/tr\/wp-json\/wp\/v2\/users\/1"}],"replies":[{"embeddable":true,"href":"http:\/\/malta-firmengruendung.de\/tr\/wp-json\/wp\/v2\/comments?post=116"}],"version-history":[{"count":2,"href":"http:\/\/malta-firmengruendung.de\/tr\/wp-json\/wp\/v2\/pages\/116\/revisions"}],"predecessor-version":[{"id":119,"href":"http:\/\/malta-firmengruendung.de\/tr\/wp-json\/wp\/v2\/pages\/116\/revisions\/119"}],"wp:attachment":[{"href":"http:\/\/malta-firmengruendung.de\/tr\/wp-json\/wp\/v2\/media?parent=116"}],"curies":[{"name":"wp","href":"https:\/\/api.w.org\/{rel}","templated":true}]}}