{"id":130,"date":"2019-09-23T11:59:29","date_gmt":"2019-09-23T11:59:29","guid":{"rendered":"http:\/\/malta-firmengruendung.de\/?page_id=130"},"modified":"2019-09-23T11:59:29","modified_gmt":"2019-09-23T11:59:29","slug":"selbststaendigkeit-in-malta","status":"publish","type":"page","link":"http:\/\/malta-firmengruendung.de\/tr\/selbststaendigkeit-in-malta","title":{"rendered":"Malta'da serbest meslek"},"content":{"rendered":"<h3>Malta'da serbest meslek sahibi olmak<\/h3>\n<p>Malta'da bir \u015firket kurmak AB, \u0130svi\u00e7re veya geni\u015fletilmi\u015f EEA sakinleri i\u00e7in nispeten kolayd\u0131r. Bunu yapmak i\u00e7in, adan\u0131n ekonomik olarak ba\u011f\u0131ms\u0131z bir sakini olarak kay\u0131t olmal\u0131s\u0131n\u0131z.<\/p>\n<p><strong>Malta'da kay\u0131t nas\u0131l i\u015fliyor?<\/strong><\/p>\n<p>Belirli gerekliliklerin kar\u015f\u0131lanmas\u0131 gerekir (a\u015fa\u011f\u0131ya bak\u0131n\u0131z). Ko\u015fullar\u0131n\u0131z bu gereklilikleri kar\u015f\u0131l\u0131yorsa, gerekli belgeleri Valetta'daki Evans binas\u0131na g\u00f6t\u00fcr\u00fcn; burada Identity Malta ofisi en alt katta (-1) yer almaktad\u0131r. Ana resepsiyonda s\u0131raya girmenize gerek yoktur. Sa\u011fdaki bir kap\u0131 bir koridora a\u00e7\u0131lmakta olup, soldaki son oda AB\/AEA\/\u0130svi\u00e7re vatanda\u015flar\u0131n\u0131n gerekli kay\u0131t i\u015flemlerini yapt\u0131rd\u0131klar\u0131 b\u00f6l\u00fcmd\u00fcr. \u0130nternet \u00fczerinden temin edilebilen veya Identity-Malta taraf\u0131ndan da\u011f\u0131t\u0131lan bir ba\u015fvuru formu doldurulmal\u0131d\u0131r.<\/p>\n<p><strong>Bir \u015firket kurmak i\u00e7in gerekenler nelerdir?<\/strong><\/p>\n<p>Bunlar, Malta h\u00fck\u00fcmetinin \u00f6ncelikle yeni gelenlerin \u00fclke i\u00e7in mali bir y\u00fck haline gelmemesini sa\u011flamak istedi\u011fi ko\u015fullard\u0131r:<\/p>\n<ul>\n<li>Bekarlar i\u00e7in 14.000 avro veya evli \u00e7iftler i\u00e7in 23.300 avro hesap bakiyesi, alternatif olarak bekarlar i\u00e7in 84,95 avro veya evli \u00e7iftler i\u00e7in 93,10 avro kan\u0131tlanm\u0131\u015f haftal\u0131k gelir<\/li>\n<li>Ayakta ve yatarak tedavi i\u00e7in sa\u011fl\u0131k sigortas\u0131 poli\u00e7esi<\/li>\n<li>Pasaport veya n\u00fcfus c\u00fczdan\u0131 asl\u0131 ve fotokopisi<\/li>\n<li>tavsiye edilir: Kira s\u00f6zle\u015fmesi (\u015fart de\u011fil)<\/li>\n<li>tavsiye edilir: \u00dclkede \u00fc\u00e7 ila alt\u0131 ay kal\u0131nd\u0131\u011f\u0131na dair kan\u0131t - planlanm\u0131\u015f veya halihaz\u0131rda tamamlanm\u0131\u015f<\/li>\n<li>\u00d6nerilen: Ba\u015flang\u0131\u00e7 projesinin tan\u0131m\u0131n\u0131 i\u00e7eren k\u0131sa bir \u00f6n yaz\u0131<\/li>\n<\/ul>\n<p>Malta Kimlik Ofisi ba\u015fvuru sahibinin bir foto\u011fraf\u0131n\u0131 \u00e7eker ve \u00fc\u00e7 ila d\u00f6rt hafta sonra kimlik\/e-\u0130kamet Kart\u0131n\u0131 al\u0131r.<\/p>\n<p><strong>Malta'da \u015firket kurman\u0131n avantajlar\u0131<\/strong><\/p>\n<p>\u00dclke son derece d\u00fc\u015f\u00fck vergi oranlar\u0131na sahiptir ve gerekli \u015fartlar\u0131n yerine getirilmesi halinde kurumlar vergisinin 6\/7'sini iade etmektedir. Buna ek olarak, hava her zaman harikad\u0131r ve insanlar - \u00f6zellikle de kad\u0131nlar - son derece cana yak\u0131n ve cana yak\u0131nd\u0131r. D.A.C.H. b\u00f6lgesinden bir\u00e7ok online giri\u015fimci \u015fu anda buraya yerle\u015fmi\u015f durumda ve genellikle \u00e7ok mutlular. G\u00fcnde birka\u00e7 saat diz\u00fcst\u00fc bilgisayarlar\u0131yla sahilde oturuyor ve biraz \u00e7al\u0131\u015f\u0131yorlar, \u00f6zellikle de b\u00fcy\u00fcyen banka bakiyelerine g\u00f6z kulak oluyorlar. Bunun d\u0131\u015f\u0131nda kolay Malta hayat\u0131n\u0131n tad\u0131n\u0131 \u00e7\u0131kar\u0131yorlar.<\/p>","protected":false},"excerpt":{"rendered":"<p>Selbstst\u00e4ndig werden in Malta Eine Firmengr\u00fcndung auf Malta ist f\u00fcr Einwohner der EU, der Schweiz oder des erweiterten EWR relativ einfach. Sie m\u00fcssen sich hierzu als wirtschaftlich selbstst\u00e4ndiger Bewohner der Insel registrieren lassen. Wie funktioniert die Registrierung auf Malta? Es sind bestimmte Anforderungen zu erf\u00fcllen (siehe weiter unten). Wer mit seinen Verh\u00e4ltnissen diesen entspricht, geht <a href=\"http:\/\/malta-firmengruendung.de\/tr\/selbststaendigkeit-in-malta\" rel=\"nofollow\"><span class=\"sr-only\">Read more about Selbstst\u00e4ndigkeit in Malta<\/span>[&hellip;]<\/a><\/p>\n","protected":false},"author":1,"featured_media":0,"parent":0,"menu_order":0,"comment_status":"closed","ping_status":"closed","template":"","meta":{"footnotes":""},"class_list":["post-130","page","type-page","status-publish","hentry"],"_links":{"self":[{"href":"http:\/\/malta-firmengruendung.de\/tr\/wp-json\/wp\/v2\/pages\/130","targetHints":{"allow":["GET"]}}],"collection":[{"href":"http:\/\/malta-firmengruendung.de\/tr\/wp-json\/wp\/v2\/pages"}],"about":[{"href":"http:\/\/malta-firmengruendung.de\/tr\/wp-json\/wp\/v2\/types\/page"}],"author":[{"embeddable":true,"href":"http:\/\/malta-firmengruendung.de\/tr\/wp-json\/wp\/v2\/users\/1"}],"replies":[{"embeddable":true,"href":"http:\/\/malta-firmengruendung.de\/tr\/wp-json\/wp\/v2\/comments?post=130"}],"version-history":[{"count":1,"href":"http:\/\/malta-firmengruendung.de\/tr\/wp-json\/wp\/v2\/pages\/130\/revisions"}],"predecessor-version":[{"id":131,"href":"http:\/\/malta-firmengruendung.de\/tr\/wp-json\/wp\/v2\/pages\/130\/revisions\/131"}],"wp:attachment":[{"href":"http:\/\/malta-firmengruendung.de\/tr\/wp-json\/wp\/v2\/media?parent=130"}],"curies":[{"name":"wp","href":"https:\/\/api.w.org\/{rel}","templated":true}]}}