{"id":161,"date":"2019-10-25T09:53:44","date_gmt":"2019-10-25T09:53:44","guid":{"rendered":"http:\/\/malta-firmengruendung.de\/?page_id=161"},"modified":"2019-10-25T09:53:44","modified_gmt":"2019-10-25T09:53:44","slug":"gruendungskosten","status":"publish","type":"page","link":"http:\/\/malta-firmengruendung.de\/tr\/gruendungskosten","title":{"rendered":"Vak\u0131f masraflar\u0131"},"content":{"rendered":"<p><strong>Limited \u015firket kurman\u0131n maliyetleri<\/strong><br \/>\nMalta'da bir limited \u015firket kurmak pahal\u0131 de\u011fildir. Maltal\u0131 i\u015fletme \u015firketi ve Malta d\u0131\u015f\u0131ndaki holding \u015firketinin ek y\u00f6netimi i\u00e7in y\u0131ll\u0131k \u00fccretler basit durumlarda 7.100 Euro olarak tahmin edilebilir. Ayr\u0131ca y\u0131ll\u0131k muhasebe oranlar\u0131na da ba\u011fl\u0131d\u0131rlar.<\/p>\n<p>&nbsp;<\/p>\n<p><strong>Malta'da bir genel m\u00fcd\u00fcr ile bir limited \u015firket kurun: \u0130lgili maliyetler nelerdir?<\/strong><\/p>\n<p>Malta'ya ta\u015f\u0131nmak istemiyor ancak orada bir limited \u015firket kurmak istiyorsan\u0131z, bir genel m\u00fcd\u00fcre ihtiyac\u0131n\u0131z olacakt\u0131r. Bu ki\u015fi, \u015firketin tan\u0131nmas\u0131 i\u00e7in \u00fc\u00e7\u00fcnc\u00fc taraf kar\u015f\u0131la\u015ft\u0131rmas\u0131na dayanmas\u0131 gereken yerel bir maa\u015f al\u0131r. Bu maa\u015flar Alman seviyesinin biraz alt\u0131ndad\u0131r. Malta \u015firketleri kurulu\u015f \u00f6zg\u00fcrl\u00fc\u011f\u00fcne ve AB Ana-Ba\u011fl\u0131 Ortakl\u0131k Direktifine tabi oldu\u011fu i\u00e7in Malta'da bir \u015firket kurmaya de\u011fer. Bu da \u00e7ok fazla vergi tasarrufu sa\u011flamaktad\u0131r. Malta, d\u00fc\u015f\u00fck vergileri de i\u00e7eren elveri\u015fli \u00e7er\u00e7eve ko\u015fullar\u0131 ile \u015firketleri cezbetmektedir. Ancak daha da fazla avantaj var:<\/p>\n<ul>\n<li>H\u0131zl\u0131 \u0130nternet<\/li>\n<li>D\u00fc\u015f\u00fck i\u015fg\u00fcc\u00fc maliyetleri<\/li>\n<li>Y\u00fcksek nitelikli i\u015fg\u00fcc\u00fc<\/li>\n<li>D\u00fc\u015f\u00fck emlak fiyatlar\u0131 ve kiralar<\/li>\n<li>D\u00fc\u015f\u00fck di\u011fer vergiler (vergilere ek olarak)<\/li>\n<li>AB'de bir \u015firket kurmak<\/li>\n<li>G\u00fczel hava<\/li>\n<li>Euro ulusal para birimidir<\/li>\n<li>\u0130stikrarl\u0131 finans sekt\u00f6r\u00fc<\/li>\n<li>70'in \u00fczerinde \u00e7ifte vergilendirme anla\u015fmas\u0131<\/li>\n<li>Kodlanm\u0131\u015f hukuk sistemi<\/li>\n<li>\u0130stikrarl\u0131 siyasi ve yasal ko\u015fullar<\/li>\n<li>\u0130\u015f dostu \u015firketler yasas\u0131<\/li>\n<li>Efektif kurumlar vergisi oran\u0131 = 5 %<\/li>\n<li>18 % KDV (katma de\u011fer vergisi)<\/li>\n<li>Stopaj vergisi yok<\/li>\n<\/ul>\n<p><strong>Malta'ya kimler yerle\u015febilir?<\/strong><\/p>\n<p>Prensip olarak her giri\u015fimci Malta'da bir \u015firket kurabilir. En b\u00fcy\u00fck avantajlar, Malta'ya fiilen ta\u015f\u0131nan Alman giri\u015fimciler taraf\u0131ndan yarat\u0131lmaktad\u0131r.<\/p>\n<p>Size tavsiyede bulunmaktan mutluluk duyaca\u011f\u0131z!<\/p>","protected":false},"excerpt":{"rendered":"<p>Die Kosten der Gr\u00fcndung einer Limited Eine Limited in Malta gr\u00fcnden ist nicht teuer. Jahresgeb\u00fchren f\u00fcr die maltesische Operating Company und die zus\u00e4tzliche Verwaltung der Holding Company au\u00dferhalb von Malta lassen sich in einfachen F\u00e4llen auf 7.100 Euro sch\u00e4tzen. Sie h\u00e4ngen auch von den j\u00e4hrlichen Buchungss\u00e4tzen ab. &nbsp; Limited in Malta mit Gesch\u00e4ftsf\u00fchrer gr\u00fcnden: Welche <a href=\"http:\/\/malta-firmengruendung.de\/tr\/gruendungskosten\" rel=\"nofollow\"><span class=\"sr-only\">Read more about Kosten einer Gr\u00fcndung<\/span>[&hellip;]<\/a><\/p>\n","protected":false},"author":1,"featured_media":0,"parent":0,"menu_order":0,"comment_status":"closed","ping_status":"closed","template":"","meta":{"footnotes":""},"class_list":["post-161","page","type-page","status-publish","hentry"],"_links":{"self":[{"href":"http:\/\/malta-firmengruendung.de\/tr\/wp-json\/wp\/v2\/pages\/161","targetHints":{"allow":["GET"]}}],"collection":[{"href":"http:\/\/malta-firmengruendung.de\/tr\/wp-json\/wp\/v2\/pages"}],"about":[{"href":"http:\/\/malta-firmengruendung.de\/tr\/wp-json\/wp\/v2\/types\/page"}],"author":[{"embeddable":true,"href":"http:\/\/malta-firmengruendung.de\/tr\/wp-json\/wp\/v2\/users\/1"}],"replies":[{"embeddable":true,"href":"http:\/\/malta-firmengruendung.de\/tr\/wp-json\/wp\/v2\/comments?post=161"}],"version-history":[{"count":1,"href":"http:\/\/malta-firmengruendung.de\/tr\/wp-json\/wp\/v2\/pages\/161\/revisions"}],"predecessor-version":[{"id":162,"href":"http:\/\/malta-firmengruendung.de\/tr\/wp-json\/wp\/v2\/pages\/161\/revisions\/162"}],"wp:attachment":[{"href":"http:\/\/malta-firmengruendung.de\/tr\/wp-json\/wp\/v2\/media?parent=161"}],"curies":[{"name":"wp","href":"https:\/\/api.w.org\/{rel}","templated":true}]}}