{"id":163,"date":"2019-10-25T09:55:40","date_gmt":"2019-10-25T09:55:40","guid":{"rendered":"http:\/\/malta-firmengruendung.de\/?page_id=163"},"modified":"2019-10-25T09:55:40","modified_gmt":"2019-10-25T09:55:40","slug":"offshore-firma","status":"publish","type":"page","link":"http:\/\/malta-firmengruendung.de\/tr\/offshore-firma","title":{"rendered":"Offshore \u015firket"},"content":{"rendered":"<h3><strong>Bir offshore \u015firket kurmak<\/strong><\/h3>\n<p>Vergi optimizasyonu aray\u0131\u015f\u0131nda olan \u015firketler er ya da ge\u00e7 off-shore terimiyle kar\u015f\u0131la\u015f\u0131rlar. Bu terim genellikle vergi cenneti veya vergi cenneti ile ayn\u0131 nefeste an\u0131l\u0131r. Peki ama bir off-shore \u015firket kurmak asl\u0131nda ne anlama geliyor? Bu terim Almanca'ya \u015f\u00f6yle \u00e7evrilebilir: K\u0131y\u0131dan uzakta. Ancak bu terim yan\u0131lt\u0131c\u0131d\u0131r \u00e7\u00fcnk\u00fc \u015firketlerin uzak adalarda kuruldu\u011funu d\u00fc\u015f\u00fcnd\u00fcrmektedir. Off-shore \u015firketlerin belirli ko\u015fullar alt\u0131nda di\u011fer AB \u00fcye \u00fclkelerinde de kurulabilece\u011fi do\u011frudur.<\/p>\n<p><strong>R\u00fczg\u00e2r de\u011fi\u015fti: A\u00e7\u0131k deniz \u015firketi kurmak bug\u00fcn neden art\u0131k o kadar kazan\u00e7l\u0131 de\u011fil?<\/strong><\/p>\n<p>D\u00fcnya \u00e7ap\u0131nda \u00e7ok say\u0131da \u00fclke, vergi m\u00fckelleflerinin paralar\u0131n\u0131n k\u00f6t\u00fcye kullan\u0131lmas\u0131n\u0131 engellemek i\u00e7in \u00e7e\u015fitli d\u00fczenlemeleri y\u00fcr\u00fcrl\u00fc\u011fe koymu\u015ftur. En b\u00fcy\u00fck d\u00fczenlemelerden biri, bir\u00e7ok \u00fclkenin imzalad\u0131\u011f\u0131 Vergi Bilgi De\u011fi\u015fim Yasas\u0131'd\u0131r. Ayr\u0131ca offshore \u015firketlerin ve bunlar\u0131n ger\u00e7ek sahiplerinin izlenebildi\u011fi kay\u0131tlar\u0131n say\u0131s\u0131 da giderek artmaktad\u0131r. Bir zamanlar \u0130svi\u00e7re gibi \u00fclkelerde sa\u011flam bir kale olan bankac\u0131l\u0131k gizlili\u011fi de giderek tarihe kar\u0131\u015f\u0131yor.<\/p>\n<p>Bununla birlikte, d\u00fcnya \u00e7ap\u0131nda hala bu d\u00fczenlemeleri imzalamayan ve di\u011fer \u00fclkelerle veri al\u0131\u015fveri\u015finde bulunmayan \u00fclkeler var. Bir\u00e7ok Afrika \u00fclkesine ek olarak, Avrupa'daki bu \u00fclkeler aras\u0131nda K\u0131br\u0131s, Malta, Romanya ve \u0130rlanda bulunmaktad\u0131r. Bir offshore \u015firket kurmak isteyen herkes bu \u00fclkelerde sadece ba\u015far\u0131l\u0131 bir \u015firket kurulu\u015fu i\u00e7in vergi ko\u015fullar\u0131n\u0131 de\u011fil, ayn\u0131 zamanda sa\u011flam bir altyap\u0131, elveri\u015fli bir i\u015fg\u00fcc\u00fc, basit mevzuat veya vergi imtiyazlar\u0131 yoluyla h\u00fck\u00fcmetlerden kazan\u00e7l\u0131 te\u015fvikler ve \u00e7ok daha fazlas\u0131 gibi di\u011fer avantajlar\u0131 da bulacakt\u0131r.<\/p>","protected":false},"excerpt":{"rendered":"<p>Eine Off-Shore Firma gr\u00fcnden Auf der Suche nach steuerlichen Optimierungen sto\u00dfen Unternehmen \u00fcber kurz oder lang auf den Begriff Off-Shore. Dieser Begriff wird meist im gleichen Atemzug mit Steuerparadies oder Steueroase genannt. Doch was bedeutet es eigentlich, eine Off-Shore Firma zu gr\u00fcnden? Der Begriff bedeutet ins Deutsche \u00fcbersetzt: Fern der K\u00fcste. Allerdings ist dieser Begriff <a href=\"http:\/\/malta-firmengruendung.de\/tr\/offshore-firma\" rel=\"nofollow\"><span class=\"sr-only\">Read more about Offshore Firma<\/span>[&hellip;]<\/a><\/p>\n","protected":false},"author":1,"featured_media":0,"parent":0,"menu_order":0,"comment_status":"closed","ping_status":"closed","template":"","meta":{"footnotes":""},"class_list":["post-163","page","type-page","status-publish","hentry"],"_links":{"self":[{"href":"http:\/\/malta-firmengruendung.de\/tr\/wp-json\/wp\/v2\/pages\/163","targetHints":{"allow":["GET"]}}],"collection":[{"href":"http:\/\/malta-firmengruendung.de\/tr\/wp-json\/wp\/v2\/pages"}],"about":[{"href":"http:\/\/malta-firmengruendung.de\/tr\/wp-json\/wp\/v2\/types\/page"}],"author":[{"embeddable":true,"href":"http:\/\/malta-firmengruendung.de\/tr\/wp-json\/wp\/v2\/users\/1"}],"replies":[{"embeddable":true,"href":"http:\/\/malta-firmengruendung.de\/tr\/wp-json\/wp\/v2\/comments?post=163"}],"version-history":[{"count":2,"href":"http:\/\/malta-firmengruendung.de\/tr\/wp-json\/wp\/v2\/pages\/163\/revisions"}],"predecessor-version":[{"id":165,"href":"http:\/\/malta-firmengruendung.de\/tr\/wp-json\/wp\/v2\/pages\/163\/revisions\/165"}],"wp:attachment":[{"href":"http:\/\/malta-firmengruendung.de\/tr\/wp-json\/wp\/v2\/media?parent=163"}],"curies":[{"name":"wp","href":"https:\/\/api.w.org\/{rel}","templated":true}]}}