{"id":167,"date":"2019-10-25T10:04:23","date_gmt":"2019-10-25T10:04:23","guid":{"rendered":"http:\/\/malta-firmengruendung.de\/?page_id=167"},"modified":"2019-10-29T10:44:35","modified_gmt":"2019-10-29T10:44:35","slug":"offshore-konto","status":"publish","type":"page","link":"http:\/\/malta-firmengruendung.de\/tr\/offshore-konto","title":{"rendered":"Offshore hesap"},"content":{"rendered":"<h3>Bir offshore hesab\u0131 a\u00e7\u0131n<\/h3>\n<p><strong>Yurt d\u0131\u015f\u0131nda bir hesab\u0131n\u0131z varsa, \u00e7o\u011fu Avrupa \u00fclkesinin art\u0131k otomatik bilgi al\u0131\u015fveri\u015fine ge\u00e7ti\u011fini bilmelisiniz. Ancak, bir offshore hesab\u0131 hala yasald\u0131r. Risk \u00e7e\u015fitlendirmesi ve varl\u0131k korumas\u0131 i\u00e7in uygundur.<br \/>\n<strong>Ekim 2019 itibariyle, otomatik bilgi de\u011fi\u015fimi yap\u0131lmayan \u00fclkeler \u015funlard\u0131r<\/strong><\/strong><\/p>\n<ul>\n<li>G\u00fcrcistan<\/li>\n<li>ABD<\/li>\n<li>Tayvan<\/li>\n<li>S\u0131rbistan<\/li>\n<li>Karada\u011f<\/li>\n<li>Porto Riko<\/li>\n<\/ul>\n<p><strong>Malta ve di\u011fer AB \u00fclkeleri aras\u0131ndaki bilgi al\u0131\u015fveri\u015fi nas\u0131l i\u015fliyor?<\/strong><\/p>\n<p>Malta bankalar\u0131 AB genelinde veri al\u0131\u015fveri\u015fi yapmaktad\u0131r. Malta'da bir banka hesab\u0131 ancak orada bir \u015firket kurulursa anlaml\u0131d\u0131r ve bu da \u00f6nemli vergi avantajlar\u0131yla ili\u015fkilidir. Etkin kurumlar vergisi sadece 5 %'dir. Ancak bunun i\u00e7in ya Maltal\u0131 bir genel m\u00fcd\u00fcr ya da ada devletinde ikamet gerekiyor.<\/p>\n<p><strong>\u0130yi bir offshore banka hesab\u0131 nas\u0131l tan\u0131n\u0131r?<\/strong><\/p>\n<p>Bilgi de\u011fi\u015fimi olmayan bir banka hesab\u0131 (AEOI\/CRS), AB \u00fclkeleri ile bilgi de\u011fi\u015fimi olmayan bir \u00fclkede bulunmal\u0131d\u0131r. Bahsettiklerimizden daha fazla \u00fclke var. Bunlar sadece AB vatanda\u015flar\u0131 i\u00e7in en yayg\u0131n adreslerdir. Bilgi al\u0131\u015fveri\u015fi yap\u0131lmayan ilgili banka hesab\u0131n\u0131n da baz\u0131 temel \u00f6zellikleri vard\u0131r:<\/p>\n<ul>\n<li>Sadece hesap sahibi ve ilgili banka taraf\u0131ndan bilinir, ancak herhangi bir vergi dairesi veya ba\u015fka bir makam ve tercihen herhangi bir ortak \u015firket veya ba\u015fka bir ger\u00e7ek veya t\u00fczel ki\u015fi taraf\u0131ndan bilinmez.<\/li>\n<li>Bir hesap a\u00e7mak olduk\u00e7a basittir.<\/li>\n<li>\u0130lgili banka hesab\u0131ndan al\u0131nacak bir IBAN ile SEPA \u00f6deme i\u015flemlerine kat\u0131lmak m\u00fcmk\u00fcnd\u00fcr.<\/li>\n<li>Online bankac\u0131l\u0131k da m\u00fcmk\u00fcnd\u00fcr (do\u011fal olarak mobil cihazlarla da).<\/li>\n<li>Kart sahibi bir Debit Mastercard al\u0131r.<\/li>\n<li>Banka t\u00fcm \u00f6nemli para birimlerini ta\u015f\u0131maktad\u0131r.<\/li>\n<\/ul>\n<p>B\u00f6yle bir banka hesab\u0131 olu\u015fturman\u0131za yard\u0131mc\u0131 olmaktan memnuniyet duyar\u0131z. Bu, i\u015finizi ve \u00f6zel varl\u0131klar\u0131n\u0131z\u0131 koruyacakt\u0131r.<\/p>","protected":false},"excerpt":{"rendered":"<p>Offshore Konto er\u00f6ffnen Wer im Ausland ein Konto f\u00fchrt, muss wissen, dass die meisten europ\u00e4ischen Staaten inzwischen zum automatischen Informationsaustausch \u00fcbergegangen sind. Doch ein Offshore Konto ist nach wie vor legal. Es eignet sich f\u00fcr die Risikodiversifikation und f\u00fcr den Verm\u00f6gensschutz. L\u00e4nder ohne automatischen Informationsaustausch sind mit Stand Oktober 2019 unter anderem: Georgien USA Taiwan <a href=\"http:\/\/malta-firmengruendung.de\/tr\/offshore-konto\" rel=\"nofollow\"><span class=\"sr-only\">Read more about Offshore Konto<\/span>[&hellip;]<\/a><\/p>\n","protected":false},"author":1,"featured_media":0,"parent":0,"menu_order":0,"comment_status":"closed","ping_status":"closed","template":"","meta":{"footnotes":""},"class_list":["post-167","page","type-page","status-publish","hentry"],"_links":{"self":[{"href":"http:\/\/malta-firmengruendung.de\/tr\/wp-json\/wp\/v2\/pages\/167","targetHints":{"allow":["GET"]}}],"collection":[{"href":"http:\/\/malta-firmengruendung.de\/tr\/wp-json\/wp\/v2\/pages"}],"about":[{"href":"http:\/\/malta-firmengruendung.de\/tr\/wp-json\/wp\/v2\/types\/page"}],"author":[{"embeddable":true,"href":"http:\/\/malta-firmengruendung.de\/tr\/wp-json\/wp\/v2\/users\/1"}],"replies":[{"embeddable":true,"href":"http:\/\/malta-firmengruendung.de\/tr\/wp-json\/wp\/v2\/comments?post=167"}],"version-history":[{"count":5,"href":"http:\/\/malta-firmengruendung.de\/tr\/wp-json\/wp\/v2\/pages\/167\/revisions"}],"predecessor-version":[{"id":172,"href":"http:\/\/malta-firmengruendung.de\/tr\/wp-json\/wp\/v2\/pages\/167\/revisions\/172"}],"wp:attachment":[{"href":"http:\/\/malta-firmengruendung.de\/tr\/wp-json\/wp\/v2\/media?parent=167"}],"curies":[{"name":"wp","href":"https:\/\/api.w.org\/{rel}","templated":true}]}}